{"id":246975,"date":"2026-04-08T17:59:32","date_gmt":"2026-04-08T16:59:32","guid":{"rendered":"https:\/\/www.elcellerdenxiqui.cat\/?post_type=product&#038;p=246975"},"modified":"2026-04-10T04:37:37","modified_gmt":"2026-04-10T03:37:37","slug":"tast-i-presentacio-del-llibre-amb-pells-guia-dels-vins-brisats-de-catalunya","status":"publish","type":"product","link":"https:\/\/www.elcellerdenxiqui.cat\/en\/botiga\/tast-i-presentacio-del-llibre-amb-pells-guia-dels-vins-brisats-de-catalunya\/","title":{"rendered":"Tast i presentaci\u00f3 del llibre &#8220;Amb pells: Guia dels vins brisats de Catalunya&#8221;"},"content":{"rendered":"<p>El dia de Sant Jordi ens vindr\u00e0 a visitar en Marc Picanyol (Barcelona, 1970), periodista, fot\u00f2graf i escriptor. Autor del llibre &#8220;Amb Pells: Guia dels vins brisats de Catalunya). En Marc va comen\u00e7ar treballant com a periodista i fot\u00f2graf a les revistes <em>Full Metal<\/em> i <em>Popular 1<\/em>, i durant m\u00e9s de vint anys va estar vinculat al m\u00f3n de la m\u00fasica. Posteriorment, va fer de cuiner i va entrar a poc a poc en el m\u00f3n del vi, en el qual va tastar tot el que podia i va visitar cellers i vinyes per saber m\u00e9s i m\u00e9s d\u2019un m\u00f3n en qu\u00e8 finalment ha quedat atrapat.<\/p>\n<p><em>Amb pells<\/em> \u00e9s la primera guia que recull els vins brisats que es fan a Catalunya. En aquesta guia hi trobareu una descripci\u00f3 de cada vi feta despr\u00e9s d\u2019haver visitat els cellers per parlar amb els seus elaboradors, tastar els seus vins i con\u00e8ixer de primera m\u00e0 les seves hist\u00f2ries, amb els detalls de tots els processos que segueix cada vi fins a ser embotellat.<\/p>\n<p>Ens hi acompanyeu?<\/p>\n","protected":false},"excerpt":{"rendered":"<h3>23 d&#8217;Abril del 2026 a les 19h<\/h3>\n<p>El dijous dia 23 d&#8217;Abril a les 19h a la sala de tast de El Celler d&#8217;en Xiqui.<\/p>\n<p><strong>Places limitades.<\/strong><\/p>\n","protected":false},"featured_media":246976,"template":"","meta":{"_et_pb_use_builder":"","_et_pb_old_content":"","_et_gb_content_width":"","iawp_total_views":16},"product_brand":[],"product_cat":[108],"product_tag":[],"class_list":{"0":"post-246975","1":"product","2":"type-product","3":"status-publish","4":"has-post-thumbnail","6":"product_cat-tastos-i-maridatges","8":"first","9":"instock","10":"taxable","11":"shipping-taxable","12":"purchasable","13":"product-type-simple","14":"wpzoom-wc-spi-has-enabled"},"_links":{"self":[{"href":"https:\/\/www.elcellerdenxiqui.cat\/en\/wp-json\/wp\/v2\/product\/246975","targetHints":{"allow":["GET"]}}],"collection":[{"href":"https:\/\/www.elcellerdenxiqui.cat\/en\/wp-json\/wp\/v2\/product"}],"about":[{"href":"https:\/\/www.elcellerdenxiqui.cat\/en\/wp-json\/wp\/v2\/types\/product"}],"wp:featuredmedia":[{"embeddable":true,"href":"https:\/\/www.elcellerdenxiqui.cat\/en\/wp-json\/wp\/v2\/media\/246976"}],"wp:attachment":[{"href":"https:\/\/www.elcellerdenxiqui.cat\/en\/wp-json\/wp\/v2\/media?parent=246975"}],"wp:term":[{"taxonomy":"product_brand","embeddable":true,"href":"https:\/\/www.elcellerdenxiqui.cat\/en\/wp-json\/wp\/v2\/product_brand?post=246975"},{"taxonomy":"product_cat","embeddable":true,"href":"https:\/\/www.elcellerdenxiqui.cat\/en\/wp-json\/wp\/v2\/product_cat?post=246975"},{"taxonomy":"product_tag","embeddable":true,"href":"https:\/\/www.elcellerdenxiqui.cat\/en\/wp-json\/wp\/v2\/product_tag?post=246975"}],"curies":[{"name":"wp","href":"https:\/\/api.w.org\/{rel}","templated":true}]}}