{"id":246937,"date":"2026-02-10T19:46:23","date_gmt":"2026-02-10T18:46:23","guid":{"rendered":"https:\/\/www.elcellerdenxiqui.cat\/?post_type=product&#038;p=246937"},"modified":"2026-02-17T22:46:31","modified_gmt":"2026-02-17T21:46:31","slug":"tast-i-presentacio-de-cervesa-la-faixa","status":"publish","type":"product","link":"https:\/\/www.elcellerdenxiqui.cat\/en\/botiga\/tast-i-presentacio-de-cervesa-la-faixa\/","title":{"rendered":"Tast i Presentaci\u00f3 de Cervesa La Faixa"},"content":{"rendered":"<p>Un nou projecte cerveser ha nascut a terres gironines. De la m\u00e0 de tres bojos enginyers, units per una afici\u00f3 compartida, arriba la Cervesa La Faixa. Un projecte amb vocaci\u00f3 de fer arribar el m\u00f3n de la cerveseria artesana a tots els p\u00fablics. Amb ganes d&#8217;aprendre i honorar una cultura mil\u00b7len\u00e0ria com la de l&#8217;elaboraci\u00f3 artesanal de cervesa. Una marca que uneix dues tradicions ancestrals, els castells i la cervesa.<\/p>\n<p>Vine a descobrir com paraules tant importants pels castells com ara &#8220;Valor&#8221; &#8220;Equilibri&#8221; o &#8220;For\u00e7a&#8221; han acabat convertint-se en uns aut\u00e8ntics birrots!<\/p>\n<p>Ens hi acompanyeu?<\/p>\n","protected":false},"excerpt":{"rendered":"<h3>19 de Febrer del 2026 a les 19h<\/h3>\n<p>El dijous dia 19 de Febrer a les 19h a la sala de tast de El Celler d&#8217;en Xiqui.<\/p>\n<p><strong>Places limitades.<\/strong><\/p>\n","protected":false},"featured_media":246940,"template":"","meta":{"_et_pb_use_builder":"","_et_pb_old_content":"","_et_gb_content_width":"","iawp_total_views":20},"product_brand":[],"product_cat":[108],"product_tag":[],"class_list":{"0":"post-246937","1":"product","2":"type-product","3":"status-publish","4":"has-post-thumbnail","6":"product_cat-tastos-i-maridatges","8":"first","9":"instock","10":"taxable","11":"shipping-taxable","12":"purchasable","13":"product-type-simple","14":"wpzoom-wc-spi-has-enabled"},"_links":{"self":[{"href":"https:\/\/www.elcellerdenxiqui.cat\/en\/wp-json\/wp\/v2\/product\/246937","targetHints":{"allow":["GET"]}}],"collection":[{"href":"https:\/\/www.elcellerdenxiqui.cat\/en\/wp-json\/wp\/v2\/product"}],"about":[{"href":"https:\/\/www.elcellerdenxiqui.cat\/en\/wp-json\/wp\/v2\/types\/product"}],"wp:featuredmedia":[{"embeddable":true,"href":"https:\/\/www.elcellerdenxiqui.cat\/en\/wp-json\/wp\/v2\/media\/246940"}],"wp:attachment":[{"href":"https:\/\/www.elcellerdenxiqui.cat\/en\/wp-json\/wp\/v2\/media?parent=246937"}],"wp:term":[{"taxonomy":"product_brand","embeddable":true,"href":"https:\/\/www.elcellerdenxiqui.cat\/en\/wp-json\/wp\/v2\/product_brand?post=246937"},{"taxonomy":"product_cat","embeddable":true,"href":"https:\/\/www.elcellerdenxiqui.cat\/en\/wp-json\/wp\/v2\/product_cat?post=246937"},{"taxonomy":"product_tag","embeddable":true,"href":"https:\/\/www.elcellerdenxiqui.cat\/en\/wp-json\/wp\/v2\/product_tag?post=246937"}],"curies":[{"name":"wp","href":"https:\/\/api.w.org\/{rel}","templated":true}]}}