{"id":246856,"date":"2025-11-27T18:52:18","date_gmt":"2025-11-27T17:52:18","guid":{"rendered":"https:\/\/www.elcellerdenxiqui.cat\/?post_type=product&#038;p=246856"},"modified":"2025-12-06T11:22:21","modified_gmt":"2025-12-06T10:22:21","slug":"panera-especial","status":"publish","type":"product","link":"https:\/\/www.elcellerdenxiqui.cat\/en\/botiga\/panera-especial\/","title":{"rendered":"Panera Especial"},"content":{"rendered":"<p>Un regal amb \u00e0nima, elaborat per persones que hi posen el cor en tot all\u00f2 que elaboren. Una incre\u00efble mostra de productes artesans i de proximitat. Productes TOP de les nostres comarques. Una aut\u00e8ntica PANERA GOURMET i de PROXIMITAT. Tot triat i seleccionat pel teu sommelier de cap\u00e7alera. Sorpr\u00e8n i deixa&#8217;t sorprendre.<\/p>\n<p>Ideal per amants del territori i de la seva gastronomia, per compromisos professionals, per fer regals \u00fanics i irrepetibles.<\/p>\n<p><strong>Cal concretar el dia i hora que es vindr\u00e0 a recollir.<\/strong><\/p>\n","protected":false},"excerpt":{"rendered":"<p>Lot amb diferents ampolles de vi i licor premiums, formatges Km0 i complements gourmet. Tot triat i seleccionat pel teu sommelier de cap\u00e7alera.<\/p>\n","protected":false},"featured_media":246894,"template":"","meta":{"_et_pb_use_builder":"","_et_pb_old_content":"","_et_gb_content_width":"","iawp_total_views":62},"product_brand":[],"product_cat":[144],"product_tag":[],"class_list":{"0":"post-246856","1":"product","2":"type-product","3":"status-publish","4":"has-post-thumbnail","6":"product_cat-paneres-de-proximitat","8":"first","9":"instock","10":"taxable","11":"shipping-taxable","12":"purchasable","13":"product-type-simple","14":"wpzoom-wc-spi-has-enabled"},"_links":{"self":[{"href":"https:\/\/www.elcellerdenxiqui.cat\/en\/wp-json\/wp\/v2\/product\/246856","targetHints":{"allow":["GET"]}}],"collection":[{"href":"https:\/\/www.elcellerdenxiqui.cat\/en\/wp-json\/wp\/v2\/product"}],"about":[{"href":"https:\/\/www.elcellerdenxiqui.cat\/en\/wp-json\/wp\/v2\/types\/product"}],"wp:featuredmedia":[{"embeddable":true,"href":"https:\/\/www.elcellerdenxiqui.cat\/en\/wp-json\/wp\/v2\/media\/246894"}],"wp:attachment":[{"href":"https:\/\/www.elcellerdenxiqui.cat\/en\/wp-json\/wp\/v2\/media?parent=246856"}],"wp:term":[{"taxonomy":"product_brand","embeddable":true,"href":"https:\/\/www.elcellerdenxiqui.cat\/en\/wp-json\/wp\/v2\/product_brand?post=246856"},{"taxonomy":"product_cat","embeddable":true,"href":"https:\/\/www.elcellerdenxiqui.cat\/en\/wp-json\/wp\/v2\/product_cat?post=246856"},{"taxonomy":"product_tag","embeddable":true,"href":"https:\/\/www.elcellerdenxiqui.cat\/en\/wp-json\/wp\/v2\/product_tag?post=246856"}],"curies":[{"name":"wp","href":"https:\/\/api.w.org\/{rel}","templated":true}]}}