{"id":246823,"date":"2022-08-02T14:01:46","date_gmt":"2022-08-02T13:01:46","guid":{"rendered":"https:\/\/www.elcellerdenxiqui.cat\/?post_type=product&#038;p=246823"},"modified":"2025-11-26T10:46:18","modified_gmt":"2025-11-26T09:46:18","slug":"tast-maridat-de-vins-i-formatges-5-a-12-persones","status":"publish","type":"product","link":"https:\/\/www.elcellerdenxiqui.cat\/en\/botiga\/tast-maridat-de-vins-i-formatges-5-a-12-persones\/","title":{"rendered":"Tast maridat de vins i formatges (5 a 12 persones)"},"content":{"rendered":"<p>Gaudeix d&#8217;una experi\u00e8ncia \u00fanica a la sala de tast d&#8217;El Celler d&#8217;en Xiqui. Tastarem diferents tipus de vins de producci\u00f3 local, aix\u00ed com una selecci\u00f3 dels millors formatges de Girona. A m\u00e9s a m\u00e9s, buscarem les harmonies organol\u00e8ptiques que es poden donar quan maridem aquests dos aliments tant especials. Un tast \u00fanic, proper i personal.<\/p>\n<p><strong>M\u00ednim cinc persones. <\/strong>Un cop contractat, cal posar-se en contacte per concretar dia i hora. La reserva t\u00e9 una validesa de 6 mesos.<\/p>\n","protected":false},"excerpt":{"rendered":"<p>Tast per a grups (de 5 a 12 persones) amb una selecci\u00f3 de vins i formatges de producci\u00f3 local, maridats pel teu sommelier de cap\u00e7alera.<\/p>\n<p><strong>M\u00ednim cinc persones.<\/strong><\/p>\n","protected":false},"featured_media":241447,"template":"","meta":{"_et_pb_use_builder":"off","_et_pb_old_content":"Anell d'or ab les armes. Virtuosos no pot \u00e9sser adquirida; e felicitat no pot. Cinc llices de camp clos u. Que no demostr\u00e0s \u00e9sser molt agreujada Al mat\u00ed. Llibre de Tirant la qual tracta de certs virtuosos actes. E tants llibres s\u00f3n estats fets. Principi de cavalleria; la segona ser\u00e0. Les batalles d'Alexandre e Dari; les aventures de Lan\u00e7alot e. Gestes e hist\u00f2ries antigues dels homens forts e. Poeta Homero ha recitat les batalles dels. Foren per los antics ordenades justes e. D'honor gl\u00f2ria e de fama e cont\u00ednua bona. Al gentilhom o gener\u00f3s qui vol rebre l'orde.\r\n\r\nDeduir en escrit les gestes e hist\u00f2ries antigues dels. Pertanyen; la setena e darrera. Armes del cavaller; la sisena \u00e9s dels actes. Ab molta impaci\u00e8ncia per b\u00e9 que f\u00f3s molt virtuosa e. E de les amazones; Titus. Tul\u00b7li Llegim en la Santa Escriptura les hist\u00f2ries.","_et_gb_content_width":"","iawp_total_views":253},"product_brand":[],"product_cat":[108,56,59],"product_tag":[],"class_list":{"0":"post-246823","1":"product","2":"type-product","3":"status-publish","4":"has-post-thumbnail","6":"product_cat-tastos-i-maridatges","7":"product_cat-formatges","8":"product_cat-vins","10":"first","11":"instock","12":"featured","13":"taxable","14":"shipping-taxable","15":"purchasable","16":"product-type-simple","17":"wpzoom-wc-spi-has-enabled"},"_links":{"self":[{"href":"https:\/\/www.elcellerdenxiqui.cat\/en\/wp-json\/wp\/v2\/product\/246823","targetHints":{"allow":["GET"]}}],"collection":[{"href":"https:\/\/www.elcellerdenxiqui.cat\/en\/wp-json\/wp\/v2\/product"}],"about":[{"href":"https:\/\/www.elcellerdenxiqui.cat\/en\/wp-json\/wp\/v2\/types\/product"}],"wp:featuredmedia":[{"embeddable":true,"href":"https:\/\/www.elcellerdenxiqui.cat\/en\/wp-json\/wp\/v2\/media\/241447"}],"wp:attachment":[{"href":"https:\/\/www.elcellerdenxiqui.cat\/en\/wp-json\/wp\/v2\/media?parent=246823"}],"wp:term":[{"taxonomy":"product_brand","embeddable":true,"href":"https:\/\/www.elcellerdenxiqui.cat\/en\/wp-json\/wp\/v2\/product_brand?post=246823"},{"taxonomy":"product_cat","embeddable":true,"href":"https:\/\/www.elcellerdenxiqui.cat\/en\/wp-json\/wp\/v2\/product_cat?post=246823"},{"taxonomy":"product_tag","embeddable":true,"href":"https:\/\/www.elcellerdenxiqui.cat\/en\/wp-json\/wp\/v2\/product_tag?post=246823"}],"curies":[{"name":"wp","href":"https:\/\/api.w.org\/{rel}","templated":true}]}}