{"id":246446,"date":"2025-02-11T16:39:49","date_gmt":"2025-02-11T15:39:49","guid":{"rendered":"https:\/\/www.elcellerdenxiqui.cat\/?post_type=product&#038;p=246446"},"modified":"2025-02-18T17:12:17","modified_gmt":"2025-02-18T16:12:17","slug":"tast-celler-espolla","status":"publish","type":"product","link":"https:\/\/www.elcellerdenxiqui.cat\/en\/botiga\/tast-celler-espolla\/","title":{"rendered":"Tast Celler Espolla"},"content":{"rendered":"<p>Holaaaa! Que m&#8217;heu trobat a faltar? Jo us ben asseguro que us he enyorat molt\u00edssim. \u00c9s per aix\u00f2 que, despr\u00e9s de ja massa mesos sens dir-vos res, tornem a engegar motors!<\/p>\n<p>Va doncs! A treure les agendes i a apuntar, que iniciem un nou cicle de trobades a la vostra sala de tast de proximitat.<\/p>\n<p>I no comencem amb un qualsevol, no. El primer il\u00b7lustre convidat d&#8217;aquest nou cicle \u00e9s en Pau Alb\u00f3, l&#8217;en\u00f2leg del Celler Cooperatiu d&#8217;Espolla i un dels m\u00e9s grans coneixedors de la viticultura empordanesa. Sota la seva direcci\u00f3, els vins del Celler Espolla ( o la Cooperativa d&#8217;Espolla, digueu-li com vulgueu!) han adquirit un prestigi i un reconeixement gaireb\u00e9 mai vist fins ara. I seva \u00e9s la culpa de la imprescindible col\u00b7lecci\u00f3 dels Vins de Postal.<\/p>\n<p>Una oportunitat \u00fanica per con\u00e8ixer de primera m\u00e0 el funcionament cooperatiu d&#8217;aquest hist\u00f2ric celler, de tastar les joies que dels seus dip\u00f2sits surten i, sobretot, de poder-ho compartir un cop m\u00e9s amb tots vosaltres.<\/p>\n<p>Ens hi acompanyeu?<\/p>\n","protected":false},"excerpt":{"rendered":"<h3>20 de Febrer del 2025 a les 19h<\/h3>\n<p>El dijous dia 20 de Febrer a les 19h a la sala de tast de El Celler d&#8217;en Xiqui.<\/p>\n<p><strong>Places limitades.<\/strong><\/p>\n","protected":false},"featured_media":246447,"template":"","meta":{"_et_pb_use_builder":"","_et_pb_old_content":"","_et_gb_content_width":"","iawp_total_views":20},"product_brand":[],"product_cat":[108],"product_tag":[],"class_list":{"0":"post-246446","1":"product","2":"type-product","3":"status-publish","4":"has-post-thumbnail","6":"product_cat-tastos-i-maridatges","8":"first","9":"outofstock","10":"taxable","11":"shipping-taxable","12":"purchasable","13":"product-type-simple","14":"wpzoom-wc-spi-has-enabled"},"_links":{"self":[{"href":"https:\/\/www.elcellerdenxiqui.cat\/en\/wp-json\/wp\/v2\/product\/246446","targetHints":{"allow":["GET"]}}],"collection":[{"href":"https:\/\/www.elcellerdenxiqui.cat\/en\/wp-json\/wp\/v2\/product"}],"about":[{"href":"https:\/\/www.elcellerdenxiqui.cat\/en\/wp-json\/wp\/v2\/types\/product"}],"wp:featuredmedia":[{"embeddable":true,"href":"https:\/\/www.elcellerdenxiqui.cat\/en\/wp-json\/wp\/v2\/media\/246447"}],"wp:attachment":[{"href":"https:\/\/www.elcellerdenxiqui.cat\/en\/wp-json\/wp\/v2\/media?parent=246446"}],"wp:term":[{"taxonomy":"product_brand","embeddable":true,"href":"https:\/\/www.elcellerdenxiqui.cat\/en\/wp-json\/wp\/v2\/product_brand?post=246446"},{"taxonomy":"product_cat","embeddable":true,"href":"https:\/\/www.elcellerdenxiqui.cat\/en\/wp-json\/wp\/v2\/product_cat?post=246446"},{"taxonomy":"product_tag","embeddable":true,"href":"https:\/\/www.elcellerdenxiqui.cat\/en\/wp-json\/wp\/v2\/product_tag?post=246446"}],"curies":[{"name":"wp","href":"https:\/\/api.w.org\/{rel}","templated":true}]}}