{"id":246190,"date":"2024-11-06T18:02:37","date_gmt":"2024-11-06T17:02:37","guid":{"rendered":"https:\/\/www.elcellerdenxiqui.cat\/?post_type=product&#038;p=246190"},"modified":"2024-11-13T21:35:10","modified_gmt":"2024-11-13T20:35:10","slug":"tast-vins-dolcos","status":"publish","type":"product","link":"https:\/\/www.elcellerdenxiqui.cat\/en\/botiga\/tast-vins-dolcos\/","title":{"rendered":"TAST Vins Dol\u00e7os"},"content":{"rendered":"<p>La tardor \u00e9s \u00e8poca de panellets, castanyes, carbasses i&#8230; VINS DOL\u00c7OS! Un tipus de vi ancestral pel qual sento gran debilitat.<\/p>\n<p>Joies guardades per compartir amb vosaltres. Vins excepcionals que tastarem plegats per descobrir la hist\u00f2ria l\u00edquida que amaga aquest territori.<\/p>\n<p>Ens hi acompanyeu?<\/p>\n","protected":false},"excerpt":{"rendered":"<h3>14 de Novembre del 2024 a les 19h<\/h3>\n<p>El dijous dia 14 de Novembre a les 19h a la sala de tast de El Celler d&#8217;en Xiqui.<\/p>\n<p><strong>Places limitades.<\/strong><\/p>\n","protected":false},"featured_media":246112,"template":"","meta":{"_et_pb_use_builder":"","_et_pb_old_content":"","_et_gb_content_width":"","iawp_total_views":7},"product_brand":[],"product_cat":[108],"product_tag":[],"class_list":{"0":"post-246190","1":"product","2":"type-product","3":"status-publish","4":"has-post-thumbnail","6":"product_cat-tastos-i-maridatges","8":"first","9":"instock","10":"taxable","11":"shipping-taxable","12":"purchasable","13":"product-type-simple","14":"wpzoom-wc-spi-has-enabled"},"_links":{"self":[{"href":"https:\/\/www.elcellerdenxiqui.cat\/en\/wp-json\/wp\/v2\/product\/246190","targetHints":{"allow":["GET"]}}],"collection":[{"href":"https:\/\/www.elcellerdenxiqui.cat\/en\/wp-json\/wp\/v2\/product"}],"about":[{"href":"https:\/\/www.elcellerdenxiqui.cat\/en\/wp-json\/wp\/v2\/types\/product"}],"wp:featuredmedia":[{"embeddable":true,"href":"https:\/\/www.elcellerdenxiqui.cat\/en\/wp-json\/wp\/v2\/media\/246112"}],"wp:attachment":[{"href":"https:\/\/www.elcellerdenxiqui.cat\/en\/wp-json\/wp\/v2\/media?parent=246190"}],"wp:term":[{"taxonomy":"product_brand","embeddable":true,"href":"https:\/\/www.elcellerdenxiqui.cat\/en\/wp-json\/wp\/v2\/product_brand?post=246190"},{"taxonomy":"product_cat","embeddable":true,"href":"https:\/\/www.elcellerdenxiqui.cat\/en\/wp-json\/wp\/v2\/product_cat?post=246190"},{"taxonomy":"product_tag","embeddable":true,"href":"https:\/\/www.elcellerdenxiqui.cat\/en\/wp-json\/wp\/v2\/product_tag?post=246190"}],"curies":[{"name":"wp","href":"https:\/\/api.w.org\/{rel}","templated":true}]}}