{"id":246128,"date":"2024-08-27T17:07:55","date_gmt":"2024-08-27T16:07:55","guid":{"rendered":"https:\/\/www.elcellerdenxiqui.cat\/?post_type=product&#038;p=246128"},"modified":"2024-09-03T17:58:31","modified_gmt":"2024-09-03T16:58:31","slug":"tast-de-lledoner-roig","status":"publish","type":"product","link":"https:\/\/www.elcellerdenxiqui.cat\/en\/botiga\/tast-de-lledoner-roig\/","title":{"rendered":"Tast de LLEDONER ROIG"},"content":{"rendered":"<p>Segona edici\u00f3 del que he anomenat &#8220;Els tastos d&#8217;en Xiqui&#8221;, en aquesta ocasi\u00f3 per tastar plegats i parlar al voltant d&#8217;una varietat tant interessant i tant nostrada com \u00e9s la Garnatxa Roja (o com en diuen per l&#8217;Empord\u00e0, el Lledoner Roig). Una nova ocasi\u00f3 per obrir plegats ampolles de vi excepcionals mentre descobrim els diferents vins que es fan avui dia amb el Lledoner Roig.<\/p>\n<p>Parlar del Lledoner Roig \u00e9s, sens dubte, parlar de tradici\u00f3 empordanesa. Varietat tradicionalment associada a la Garnatxa de l\u2019Empord\u00e0, avui gaudeix d\u2019una nova mirada amb diferents estils de vi que vull compartir amb vosaltres.<\/p>\n<p>Ens hi acompanyeu?<\/p>\n","protected":false},"excerpt":{"rendered":"<h3>5 de Setembre del 2024 a les 19h<\/h3>\n<p>El dijous dia 5 de Setembre a les 19h a la sala de tast de El Celler d&#8217;en Xiqui.<\/p>\n<p><strong>Places limitades.<\/strong><\/p>\n","protected":false},"featured_media":246112,"template":"","meta":{"_et_pb_use_builder":"","_et_pb_old_content":"","_et_gb_content_width":"","iawp_total_views":4},"product_brand":[],"product_cat":[108],"product_tag":[],"class_list":{"0":"post-246128","1":"product","2":"type-product","3":"status-publish","4":"has-post-thumbnail","6":"product_cat-tastos-i-maridatges","8":"first","9":"instock","10":"taxable","11":"shipping-taxable","12":"purchasable","13":"product-type-simple","14":"wpzoom-wc-spi-has-enabled"},"_links":{"self":[{"href":"https:\/\/www.elcellerdenxiqui.cat\/en\/wp-json\/wp\/v2\/product\/246128","targetHints":{"allow":["GET"]}}],"collection":[{"href":"https:\/\/www.elcellerdenxiqui.cat\/en\/wp-json\/wp\/v2\/product"}],"about":[{"href":"https:\/\/www.elcellerdenxiqui.cat\/en\/wp-json\/wp\/v2\/types\/product"}],"wp:featuredmedia":[{"embeddable":true,"href":"https:\/\/www.elcellerdenxiqui.cat\/en\/wp-json\/wp\/v2\/media\/246112"}],"wp:attachment":[{"href":"https:\/\/www.elcellerdenxiqui.cat\/en\/wp-json\/wp\/v2\/media?parent=246128"}],"wp:term":[{"taxonomy":"product_brand","embeddable":true,"href":"https:\/\/www.elcellerdenxiqui.cat\/en\/wp-json\/wp\/v2\/product_brand?post=246128"},{"taxonomy":"product_cat","embeddable":true,"href":"https:\/\/www.elcellerdenxiqui.cat\/en\/wp-json\/wp\/v2\/product_cat?post=246128"},{"taxonomy":"product_tag","embeddable":true,"href":"https:\/\/www.elcellerdenxiqui.cat\/en\/wp-json\/wp\/v2\/product_tag?post=246128"}],"curies":[{"name":"wp","href":"https:\/\/api.w.org\/{rel}","templated":true}]}}