{"id":246110,"date":"2024-07-10T12:43:11","date_gmt":"2024-07-10T11:43:11","guid":{"rendered":"https:\/\/www.elcellerdenxiqui.cat\/?post_type=product&#038;p=246110"},"modified":"2024-07-12T09:08:03","modified_gmt":"2024-07-12T08:08:03","slug":"tast-de-blancs-monumentals","status":"publish","type":"product","link":"https:\/\/www.elcellerdenxiqui.cat\/en\/botiga\/tast-de-blancs-monumentals\/","title":{"rendered":"Tast de Blancs Monumentals"},"content":{"rendered":"<p>Aquest \u00e9s el primer d&#8217;una s\u00e8rie de tastos que vull anar proposant peri\u00f2dicament amb l&#8217;objectiu de compartir amb vosaltres vins que, d&#8217;una manera o d&#8217;una altra, m&#8217;han cridat l&#8217;atenci\u00f3 o m&#8217;han impressionat. Vins excepcionals, alguns de col\u00b7lecci\u00f3, que penso que paga la pena de con\u00e8ixer i que de ben segur ens faran xalar a tots plegats mentre els tastem i els gaudim plegats.<\/p>\n<p>Una oportunitat \u00fanica per trobar-nos al voltant d&#8217;una taula i gaudir amb vins que potser no comprem habitualment per\u00f2 que ens meravellen sempre que tenim la sort de poder-los tastar.<\/p>\n<p>Ens hi acompanyeu?<\/p>\n","protected":false},"excerpt":{"rendered":"<h3>18 de Juliol del 2024 a les 19h<\/h3>\n<p>El dijous dia 18 de Juliol a les 19h a la sala de tast de El Celler d&#8217;en Xiqui.<\/p>\n<p><strong>Places limitades.<\/strong><\/p>\n","protected":false},"featured_media":246112,"template":"","meta":{"_et_pb_use_builder":"","_et_pb_old_content":"","_et_gb_content_width":"","iawp_total_views":3},"product_brand":[],"product_cat":[108],"product_tag":[],"class_list":{"0":"post-246110","1":"product","2":"type-product","3":"status-publish","4":"has-post-thumbnail","6":"product_cat-tastos-i-maridatges","8":"first","9":"outofstock","10":"taxable","11":"shipping-taxable","12":"purchasable","13":"product-type-simple","14":"wpzoom-wc-spi-has-enabled"},"_links":{"self":[{"href":"https:\/\/www.elcellerdenxiqui.cat\/en\/wp-json\/wp\/v2\/product\/246110","targetHints":{"allow":["GET"]}}],"collection":[{"href":"https:\/\/www.elcellerdenxiqui.cat\/en\/wp-json\/wp\/v2\/product"}],"about":[{"href":"https:\/\/www.elcellerdenxiqui.cat\/en\/wp-json\/wp\/v2\/types\/product"}],"wp:featuredmedia":[{"embeddable":true,"href":"https:\/\/www.elcellerdenxiqui.cat\/en\/wp-json\/wp\/v2\/media\/246112"}],"wp:attachment":[{"href":"https:\/\/www.elcellerdenxiqui.cat\/en\/wp-json\/wp\/v2\/media?parent=246110"}],"wp:term":[{"taxonomy":"product_brand","embeddable":true,"href":"https:\/\/www.elcellerdenxiqui.cat\/en\/wp-json\/wp\/v2\/product_brand?post=246110"},{"taxonomy":"product_cat","embeddable":true,"href":"https:\/\/www.elcellerdenxiqui.cat\/en\/wp-json\/wp\/v2\/product_cat?post=246110"},{"taxonomy":"product_tag","embeddable":true,"href":"https:\/\/www.elcellerdenxiqui.cat\/en\/wp-json\/wp\/v2\/product_tag?post=246110"}],"curies":[{"name":"wp","href":"https:\/\/api.w.org\/{rel}","templated":true}]}}