{"id":246085,"date":"2024-06-04T16:21:06","date_gmt":"2024-06-04T15:21:06","guid":{"rendered":"https:\/\/www.elcellerdenxiqui.cat\/?post_type=product&#038;p=246085"},"modified":"2024-06-07T16:29:43","modified_gmt":"2024-06-07T15:29:43","slug":"maridem-xocolates-i-vins-amb-marc-torrano-the-cacao-society","status":"publish","type":"product","link":"https:\/\/www.elcellerdenxiqui.cat\/en\/botiga\/maridem-xocolates-i-vins-amb-marc-torrano-the-cacao-society\/","title":{"rendered":"Maridem Xocolates i Vins amb Marc Torrano (The Cacao Society)"},"content":{"rendered":"<p>No us podeu perdre un dels tastos m\u00e9s interessants que mai hem organitzat a El Celler d&#8217;en Xiqui. Un maridatge \u00fanic entre xocolates i vins especialment seleccionats per la ocasi\u00f3.<\/p>\n<p>The Cacao Society \u00e9s un projecte que neix des de la curiositat i amb la intenci\u00f3 d&#8217;integrar tot all\u00f2 relacionat amb el cacau. El Marc Torrano \u00e9s tastador de xocolates de Nivell 3 certificat per l\u2019IICCT. Organitza degustacions de cacau i xocolata Bean to Bar per donar a con\u00e8ixer aquest fascinant m\u00f3n i els secrets que s&#8217;hi amaguen darrere.<\/p>\n<p>La xocolata Bean to Bar \u00e9s com un bon vi: ens porta per un viatge sensorial on podem percebre aromes i sabors complexes. S\u2019elabora utilitzant les millors faves de cacau, conegudes com \u201cfino de aroma\u201d, de la m\u00e0 dels artesans i artesanes que les treballen amb la major cura i saber fer. El resultat, una xocolata deliciosa com no l\u2019havies tastat mai, que reflecta les qualitats singulars del cacau amb el que ha estat\u00a0elaborada.<\/p>\n<p>Ens hi acompanyeu?<\/p>\n","protected":false},"excerpt":{"rendered":"<h3>13 de Juny del 2024 a les 19h<\/h3>\n<p>El dijous dia 13 de Juny a les 19h a la sala de tast de El Celler d&#8217;en Xiqui.<\/p>\n<p><strong>Places limitades.<\/strong><\/p>\n","protected":false},"featured_media":246086,"template":"","meta":{"_et_pb_use_builder":"","_et_pb_old_content":"","_et_gb_content_width":"","iawp_total_views":26},"product_brand":[],"product_cat":[108],"product_tag":[],"class_list":{"0":"post-246085","1":"product","2":"type-product","3":"status-publish","4":"has-post-thumbnail","6":"product_cat-tastos-i-maridatges","8":"first","9":"instock","10":"taxable","11":"shipping-taxable","12":"purchasable","13":"product-type-simple","14":"wpzoom-wc-spi-has-enabled"},"_links":{"self":[{"href":"https:\/\/www.elcellerdenxiqui.cat\/en\/wp-json\/wp\/v2\/product\/246085","targetHints":{"allow":["GET"]}}],"collection":[{"href":"https:\/\/www.elcellerdenxiqui.cat\/en\/wp-json\/wp\/v2\/product"}],"about":[{"href":"https:\/\/www.elcellerdenxiqui.cat\/en\/wp-json\/wp\/v2\/types\/product"}],"wp:featuredmedia":[{"embeddable":true,"href":"https:\/\/www.elcellerdenxiqui.cat\/en\/wp-json\/wp\/v2\/media\/246086"}],"wp:attachment":[{"href":"https:\/\/www.elcellerdenxiqui.cat\/en\/wp-json\/wp\/v2\/media?parent=246085"}],"wp:term":[{"taxonomy":"product_brand","embeddable":true,"href":"https:\/\/www.elcellerdenxiqui.cat\/en\/wp-json\/wp\/v2\/product_brand?post=246085"},{"taxonomy":"product_cat","embeddable":true,"href":"https:\/\/www.elcellerdenxiqui.cat\/en\/wp-json\/wp\/v2\/product_cat?post=246085"},{"taxonomy":"product_tag","embeddable":true,"href":"https:\/\/www.elcellerdenxiqui.cat\/en\/wp-json\/wp\/v2\/product_tag?post=246085"}],"curies":[{"name":"wp","href":"https:\/\/api.w.org\/{rel}","templated":true}]}}