{"id":246058,"date":"2024-04-12T11:13:06","date_gmt":"2024-04-12T10:13:06","guid":{"rendered":"https:\/\/www.elcellerdenxiqui.cat\/?post_type=product&#038;p=246058"},"modified":"2024-04-16T10:11:17","modified_gmt":"2024-04-16T09:11:17","slug":"tast-i-presentacio-despelt-viticultors","status":"publish","type":"product","link":"https:\/\/www.elcellerdenxiqui.cat\/en\/botiga\/tast-i-presentacio-despelt-viticultors\/","title":{"rendered":"Tast i Presentaci\u00f3 d&#8217;Espelt Viticultors"},"content":{"rendered":"<p>Dijous vinent ens visitar\u00e0 l&#8217;Anna Espelt. Poques presentacions calen per una de les persones i un dels cellers m\u00e9s emblem\u00e0tics de l&#8217;Empord\u00e0. La precedeixen vuit generacions de viticultors, de qui ha heretat, sobretot, l&#8217;amor per la terra i els paisatges que l&#8217;han vist n\u00e9ixer i cr\u00e9ixer.<\/p>\n<p>Vins majestuosos, curulls d&#8217;orgull empordan\u00e8s. Embaixadors d&#8217;una terra de vins mil\u00b7len\u00e0ria. A trav\u00e9s del tast, descobrirem diferents zones de l&#8217;Alt Empord\u00e0 i coneixerem alguns dels projectes que l&#8217;Anna t\u00e9 entre mans per intentar deixar un llegat de protecci\u00f3 i conservaci\u00f3 del territori.<\/p>\n<p>Una trobada \u00fanica, amb vins excepcionals i una protagonista irrepetible.<\/p>\n<p>Ens hi acompanyeu?<\/p>\n","protected":false},"excerpt":{"rendered":"<h3>18 d&#8217;Abril del 2024 a les 19h<\/h3>\n<p>El dijous dia 18 d&#8217;Abril a les 19h a la sala de tast de El Celler d&#8217;en Xiqui.<\/p>\n<p><strong>Places limitades.<\/strong><\/p>\n","protected":false},"featured_media":246060,"template":"","meta":{"_et_pb_use_builder":"","_et_pb_old_content":"","_et_gb_content_width":"","iawp_total_views":8},"product_brand":[],"product_cat":[108],"product_tag":[],"class_list":{"0":"post-246058","1":"product","2":"type-product","3":"status-publish","4":"has-post-thumbnail","6":"product_cat-tastos-i-maridatges","8":"first","9":"outofstock","10":"taxable","11":"shipping-taxable","12":"purchasable","13":"product-type-simple","14":"wpzoom-wc-spi-has-enabled"},"_links":{"self":[{"href":"https:\/\/www.elcellerdenxiqui.cat\/en\/wp-json\/wp\/v2\/product\/246058","targetHints":{"allow":["GET"]}}],"collection":[{"href":"https:\/\/www.elcellerdenxiqui.cat\/en\/wp-json\/wp\/v2\/product"}],"about":[{"href":"https:\/\/www.elcellerdenxiqui.cat\/en\/wp-json\/wp\/v2\/types\/product"}],"wp:featuredmedia":[{"embeddable":true,"href":"https:\/\/www.elcellerdenxiqui.cat\/en\/wp-json\/wp\/v2\/media\/246060"}],"wp:attachment":[{"href":"https:\/\/www.elcellerdenxiqui.cat\/en\/wp-json\/wp\/v2\/media?parent=246058"}],"wp:term":[{"taxonomy":"product_brand","embeddable":true,"href":"https:\/\/www.elcellerdenxiqui.cat\/en\/wp-json\/wp\/v2\/product_brand?post=246058"},{"taxonomy":"product_cat","embeddable":true,"href":"https:\/\/www.elcellerdenxiqui.cat\/en\/wp-json\/wp\/v2\/product_cat?post=246058"},{"taxonomy":"product_tag","embeddable":true,"href":"https:\/\/www.elcellerdenxiqui.cat\/en\/wp-json\/wp\/v2\/product_tag?post=246058"}],"curies":[{"name":"wp","href":"https:\/\/api.w.org\/{rel}","templated":true}]}}