{"id":245837,"date":"2023-12-20T22:36:06","date_gmt":"2023-12-20T21:36:06","guid":{"rendered":"https:\/\/www.elcellerdenxiqui.cat\/?post_type=product&#038;p=245837"},"modified":"2024-01-17T20:04:45","modified_gmt":"2024-01-17T19:04:45","slug":"curs-diniciacio-al-tast-de-vins","status":"publish","type":"product","link":"https:\/\/www.elcellerdenxiqui.cat\/en\/botiga\/curs-diniciacio-al-tast-de-vins\/","title":{"rendered":"Curs d&#8217;iniciaci\u00f3 al tast de vins"},"content":{"rendered":"<p>Durant quatre sessions de tres hores cadascuna aprendr\u00e0s els conceptes b\u00e0sics per enfrontar-te a una copa de vi i descobrir els seus secrets. En un ambient proper i amb grups reduits, descobrirem els principals tipus de vi i sabrem qu\u00e8 hem de buscar en cadascun d&#8217;ells.<\/p>\n","protected":false},"excerpt":{"rendered":"<p>Durant quatre sessions de tres hores cadascuna aprendr\u00e0s els conceptes b\u00e0sics per enfrontar-te a una copa de vi i descobrir els seus secrets. En un ambient proper i amb grups reduits, descobrirem els principals tipus de vi i sabrem qu\u00e8 hem de buscar en cadascun d&#8217;ells.<\/p>\n","protected":false},"featured_media":238388,"template":"","meta":{"_et_pb_use_builder":"","_et_pb_old_content":"","_et_gb_content_width":"","iawp_total_views":109},"product_brand":[],"product_cat":[108,59],"product_tag":[],"class_list":{"0":"post-245837","1":"product","2":"type-product","3":"status-publish","4":"has-post-thumbnail","6":"product_cat-tastos-i-maridatges","7":"product_cat-vins","9":"first","10":"instock","11":"taxable","12":"shipping-taxable","13":"purchasable","14":"product-type-simple","15":"wpzoom-wc-spi-has-enabled"},"_links":{"self":[{"href":"https:\/\/www.elcellerdenxiqui.cat\/en\/wp-json\/wp\/v2\/product\/245837","targetHints":{"allow":["GET"]}}],"collection":[{"href":"https:\/\/www.elcellerdenxiqui.cat\/en\/wp-json\/wp\/v2\/product"}],"about":[{"href":"https:\/\/www.elcellerdenxiqui.cat\/en\/wp-json\/wp\/v2\/types\/product"}],"wp:featuredmedia":[{"embeddable":true,"href":"https:\/\/www.elcellerdenxiqui.cat\/en\/wp-json\/wp\/v2\/media\/238388"}],"wp:attachment":[{"href":"https:\/\/www.elcellerdenxiqui.cat\/en\/wp-json\/wp\/v2\/media?parent=245837"}],"wp:term":[{"taxonomy":"product_brand","embeddable":true,"href":"https:\/\/www.elcellerdenxiqui.cat\/en\/wp-json\/wp\/v2\/product_brand?post=245837"},{"taxonomy":"product_cat","embeddable":true,"href":"https:\/\/www.elcellerdenxiqui.cat\/en\/wp-json\/wp\/v2\/product_cat?post=245837"},{"taxonomy":"product_tag","embeddable":true,"href":"https:\/\/www.elcellerdenxiqui.cat\/en\/wp-json\/wp\/v2\/product_tag?post=245837"}],"curies":[{"name":"wp","href":"https:\/\/api.w.org\/{rel}","templated":true}]}}