{"id":245432,"date":"2023-04-25T18:31:26","date_gmt":"2023-04-25T17:31:26","guid":{"rendered":"https:\/\/www.elcellerdenxiqui.cat\/?post_type=product&#038;p=245432"},"modified":"2023-12-13T14:40:40","modified_gmt":"2023-12-13T13:40:40","slug":"tast-i-presentacio-amb-mas-geli","status":"publish","type":"product","link":"https:\/\/www.elcellerdenxiqui.cat\/en\/botiga\/tast-i-presentacio-amb-mas-geli\/","title":{"rendered":"Tast i Presentaci\u00f3 amb Mas Geli"},"content":{"rendered":"<p>Mas Geli \u00e9s un jove projecte familiar ubicat a Pals, al Baix Empord\u00e0. Un celler amb tota l\u2019energia de la joventut i ple d\u2019amor per la terra que trepitja i la seva hist\u00f2ria. Un celler modern amb una mirada a la tradici\u00f3.<\/p>\n<p>Varietats pr\u00f2pies de la zona i una viticultura ecol\u00f2gica per donar vins alegres, elegants i plens de personalitat. Vins que expliquen molt b\u00e9 d\u2019all\u00e0 on venen i com volen ser, fets amb passi\u00f3, paci\u00e8ncia i molt de coneixement.<\/p>\n<p>Aix\u00ed veig jo el Mas Geli, per\u00f2 si vols saber-ne m\u00e9s tenim la gran sort que el proper dijous dia 4 de Maig vindran a visitar-nos a la sala de tast per explicar-nos de primera m\u00e0 la seva hist\u00f2ria i (\u00f2bviament) per donar-nos a tastar els vins tant bons que fan.<\/p>\n<p>Ens hi acompanyes?<\/p>\n<p>Corre, no et quedis sense pla\u00e7a!<\/p>\n","protected":false},"excerpt":{"rendered":"<h3><span style=\"color: #000000;\">4 de Maig del 2023 a les 19h<\/span><\/h3>\n<p><span style=\"color: #000000;\">El dijous dia 4 de Maig a les 19h Tast i Presentaci\u00f3 amb Mas Geli.<br \/>\n<\/span><\/p>\n<p><strong>Places limitades.<\/strong><\/p>\n","protected":false},"featured_media":245434,"template":"","meta":{"_et_pb_use_builder":"off","_et_pb_old_content":"Anell d'or ab les armes. Virtuosos no pot \u00e9sser adquirida; e felicitat no pot. Cinc llices de camp clos u. Que no demostr\u00e0s \u00e9sser molt agreujada Al mat\u00ed. Llibre de Tirant la qual tracta de certs virtuosos actes. E tants llibres s\u00f3n estats fets. Principi de cavalleria; la segona ser\u00e0. Les batalles d'Alexandre e Dari; les aventures de Lan\u00e7alot e. Gestes e hist\u00f2ries antigues dels homens forts e. Poeta Homero ha recitat les batalles dels. Foren per los antics ordenades justes e. D'honor gl\u00f2ria e de fama e cont\u00ednua bona. Al gentilhom o gener\u00f3s qui vol rebre l'orde.\r\n\r\nDeduir en escrit les gestes e hist\u00f2ries antigues dels. Pertanyen; la setena e darrera. Armes del cavaller; la sisena \u00e9s dels actes. Ab molta impaci\u00e8ncia per b\u00e9 que f\u00f3s molt virtuosa e. E de les amazones; Titus. Tul\u00b7li Llegim en la Santa Escriptura les hist\u00f2ries.","_et_gb_content_width":"","iawp_total_views":8},"product_brand":[],"product_cat":[108],"product_tag":[],"class_list":{"0":"post-245432","1":"product","2":"type-product","3":"status-publish","4":"has-post-thumbnail","6":"product_cat-tastos-i-maridatges","8":"first","9":"outofstock","10":"taxable","11":"shipping-taxable","12":"purchasable","13":"product-type-simple","14":"wpzoom-wc-spi-has-enabled"},"_links":{"self":[{"href":"https:\/\/www.elcellerdenxiqui.cat\/en\/wp-json\/wp\/v2\/product\/245432","targetHints":{"allow":["GET"]}}],"collection":[{"href":"https:\/\/www.elcellerdenxiqui.cat\/en\/wp-json\/wp\/v2\/product"}],"about":[{"href":"https:\/\/www.elcellerdenxiqui.cat\/en\/wp-json\/wp\/v2\/types\/product"}],"wp:featuredmedia":[{"embeddable":true,"href":"https:\/\/www.elcellerdenxiqui.cat\/en\/wp-json\/wp\/v2\/media\/245434"}],"wp:attachment":[{"href":"https:\/\/www.elcellerdenxiqui.cat\/en\/wp-json\/wp\/v2\/media?parent=245432"}],"wp:term":[{"taxonomy":"product_brand","embeddable":true,"href":"https:\/\/www.elcellerdenxiqui.cat\/en\/wp-json\/wp\/v2\/product_brand?post=245432"},{"taxonomy":"product_cat","embeddable":true,"href":"https:\/\/www.elcellerdenxiqui.cat\/en\/wp-json\/wp\/v2\/product_cat?post=245432"},{"taxonomy":"product_tag","embeddable":true,"href":"https:\/\/www.elcellerdenxiqui.cat\/en\/wp-json\/wp\/v2\/product_tag?post=245432"}],"curies":[{"name":"wp","href":"https:\/\/api.w.org\/{rel}","templated":true}]}}