{"id":245424,"date":"2023-04-19T12:53:49","date_gmt":"2023-04-19T11:53:49","guid":{"rendered":"https:\/\/www.elcellerdenxiqui.cat\/?post_type=product&#038;p=245424"},"modified":"2023-12-13T14:44:27","modified_gmt":"2023-12-13T13:44:27","slug":"tast-a-duo-fusta-o-no-fusta-aquesta-es-la-questio","status":"publish","type":"product","link":"https:\/\/www.elcellerdenxiqui.cat\/en\/botiga\/tast-a-duo-fusta-o-no-fusta-aquesta-es-la-questio\/","title":{"rendered":"Tast a D\u00fao. Fusta o No fusta? Aquesta \u00e9s la q\u00fcesti\u00f3"},"content":{"rendered":"<p>El proper dijous 27 d&#8217;abril tornar\u00e0 en Josep Miquel (Tocatpelvi.cat) per tornar a viure una d&#8217;aquelles &#8220;wine battle&#8221; tant emocionants. Un nou tast a d\u00fao. Una nova discussi\u00f3. M\u00e9s reflexions, m\u00e9s riures i m\u00e9s aprenentatge.<\/p>\n<p>I tu, qu\u00e8 t&#8217;agrada m\u00e9s, els vins amb fusta o sense? Has tastat vins envellits en formig\u00f3? I en \u00e0mfores de terrissa?<\/p>\n<p>Si vols gaudir d&#8217;un altre tast \u00fanic i veure com en JM perd (hehehe) una altra batalla, no deixis passar aquesta oportunitat!<\/p>\n<p>Ens hi acompanyes?<\/p>\n<p>Corre, no et quedis sense pla\u00e7a!<\/p>\n","protected":false},"excerpt":{"rendered":"<h3><span style=\"color: #000000;\">27 d&#8217;abril del 2023 a les 19h<\/span><\/h3>\n<p><span style=\"color: #000000;\">El dijous dia 27 d&#8217;Abril a les 19hTast a D\u00fao amb en Josep Miquel Guasch<br \/>\n<\/span><\/p>\n<p><strong>Places limitades.<\/strong><\/p>\n","protected":false},"featured_media":245425,"template":"","meta":{"_et_pb_use_builder":"off","_et_pb_old_content":"Anell d'or ab les armes. Virtuosos no pot \u00e9sser adquirida; e felicitat no pot. Cinc llices de camp clos u. Que no demostr\u00e0s \u00e9sser molt agreujada Al mat\u00ed. Llibre de Tirant la qual tracta de certs virtuosos actes. E tants llibres s\u00f3n estats fets. Principi de cavalleria; la segona ser\u00e0. Les batalles d'Alexandre e Dari; les aventures de Lan\u00e7alot e. Gestes e hist\u00f2ries antigues dels homens forts e. Poeta Homero ha recitat les batalles dels. Foren per los antics ordenades justes e. D'honor gl\u00f2ria e de fama e cont\u00ednua bona. Al gentilhom o gener\u00f3s qui vol rebre l'orde.\r\n\r\nDeduir en escrit les gestes e hist\u00f2ries antigues dels. Pertanyen; la setena e darrera. Armes del cavaller; la sisena \u00e9s dels actes. Ab molta impaci\u00e8ncia per b\u00e9 que f\u00f3s molt virtuosa e. E de les amazones; Titus. Tul\u00b7li Llegim en la Santa Escriptura les hist\u00f2ries.","_et_gb_content_width":"","iawp_total_views":12},"product_brand":[],"product_cat":[108],"product_tag":[],"class_list":{"0":"post-245424","1":"product","2":"type-product","3":"status-publish","4":"has-post-thumbnail","6":"product_cat-tastos-i-maridatges","8":"first","9":"outofstock","10":"taxable","11":"shipping-taxable","12":"purchasable","13":"product-type-simple","14":"wpzoom-wc-spi-has-enabled"},"_links":{"self":[{"href":"https:\/\/www.elcellerdenxiqui.cat\/en\/wp-json\/wp\/v2\/product\/245424","targetHints":{"allow":["GET"]}}],"collection":[{"href":"https:\/\/www.elcellerdenxiqui.cat\/en\/wp-json\/wp\/v2\/product"}],"about":[{"href":"https:\/\/www.elcellerdenxiqui.cat\/en\/wp-json\/wp\/v2\/types\/product"}],"wp:featuredmedia":[{"embeddable":true,"href":"https:\/\/www.elcellerdenxiqui.cat\/en\/wp-json\/wp\/v2\/media\/245425"}],"wp:attachment":[{"href":"https:\/\/www.elcellerdenxiqui.cat\/en\/wp-json\/wp\/v2\/media?parent=245424"}],"wp:term":[{"taxonomy":"product_brand","embeddable":true,"href":"https:\/\/www.elcellerdenxiqui.cat\/en\/wp-json\/wp\/v2\/product_brand?post=245424"},{"taxonomy":"product_cat","embeddable":true,"href":"https:\/\/www.elcellerdenxiqui.cat\/en\/wp-json\/wp\/v2\/product_cat?post=245424"},{"taxonomy":"product_tag","embeddable":true,"href":"https:\/\/www.elcellerdenxiqui.cat\/en\/wp-json\/wp\/v2\/product_tag?post=245424"}],"curies":[{"name":"wp","href":"https:\/\/api.w.org\/{rel}","templated":true}]}}