{"id":245420,"date":"2023-04-12T12:30:14","date_gmt":"2023-04-12T11:30:14","guid":{"rendered":"https:\/\/www.elcellerdenxiqui.cat\/?post_type=product&#038;p=245420"},"modified":"2023-12-13T14:45:13","modified_gmt":"2023-12-13T13:45:13","slug":"tast-i-presentacio-del-celler-roig-parals-18-de-maig","status":"publish","type":"product","link":"https:\/\/www.elcellerdenxiqui.cat\/en\/botiga\/tast-i-presentacio-del-celler-roig-parals-18-de-maig\/","title":{"rendered":"Tast i Presentaci\u00f3 del Celler Roig Parals (18 de Maig)"},"content":{"rendered":"<p>El proper dijous 18 de Maig tindrem l\u2019oportunitat de conversar amb els amics del Celler Roig Parals<\/p>\n<p>Fa gaireb\u00e9 20 anys que en Santi Roig i la Mariona Parals es van embarcar en el somni de fer vi de qualitat amb les vinyes dels seus avantpassats. Vinyes de sams\u00f3 i garnatxes de les m\u00e9s velles de tot l\u2019Empord\u00e0, cuidades i mimades perqu\u00e8 puguin expressar tot el seu potencial i la seva hist\u00f2ria.<\/p>\n<p>Vins moderns d\u2019arrel tradicional, fets amb l\u2019amor de qui s\u2019estima all\u00f2 que fa, d\u2019on ve i cap a on va. Vins que expliquen l\u2019Empord\u00e0 amb els ulls de la fam\u00edlia Roig Parals, de Mollet de Peralada.<\/p>\n<p>Si vols saber m\u00e9s de la seva hist\u00f2ria, vine a con\u00e8ixer-los el proper dijous 11\/05 a la sala de tast on tot \u00e9s\u00a0 possible.<\/p>\n<p>Ens hi acompanyes?<\/p>\n<p>Corre, no et quedis sense pla\u00e7a!<\/p>\n","protected":false},"excerpt":{"rendered":"<h3><span style=\"color: #000000;\">18 de Maig del 2023 a les 19h<\/span><\/h3>\n<p><span style=\"color: #000000;\">El dijous dia 18 de Maig a les 19h ens visita el Celler Roig Parals.\u00a0\u00a0<\/span><\/p>\n<p><strong>Places limitades.<\/strong><\/p>\n","protected":false},"featured_media":245421,"template":"","meta":{"_et_pb_use_builder":"off","_et_pb_old_content":"Anell d'or ab les armes. Virtuosos no pot \u00e9sser adquirida; e felicitat no pot. Cinc llices de camp clos u. Que no demostr\u00e0s \u00e9sser molt agreujada Al mat\u00ed. Llibre de Tirant la qual tracta de certs virtuosos actes. E tants llibres s\u00f3n estats fets. Principi de cavalleria; la segona ser\u00e0. Les batalles d'Alexandre e Dari; les aventures de Lan\u00e7alot e. Gestes e hist\u00f2ries antigues dels homens forts e. Poeta Homero ha recitat les batalles dels. Foren per los antics ordenades justes e. D'honor gl\u00f2ria e de fama e cont\u00ednua bona. Al gentilhom o gener\u00f3s qui vol rebre l'orde.\r\n\r\nDeduir en escrit les gestes e hist\u00f2ries antigues dels. Pertanyen; la setena e darrera. Armes del cavaller; la sisena \u00e9s dels actes. Ab molta impaci\u00e8ncia per b\u00e9 que f\u00f3s molt virtuosa e. E de les amazones; Titus. Tul\u00b7li Llegim en la Santa Escriptura les hist\u00f2ries.","_et_gb_content_width":"","iawp_total_views":12},"product_brand":[],"product_cat":[108],"product_tag":[],"class_list":{"0":"post-245420","1":"product","2":"type-product","3":"status-publish","4":"has-post-thumbnail","6":"product_cat-tastos-i-maridatges","8":"first","9":"outofstock","10":"taxable","11":"shipping-taxable","12":"purchasable","13":"product-type-simple","14":"wpzoom-wc-spi-has-enabled"},"_links":{"self":[{"href":"https:\/\/www.elcellerdenxiqui.cat\/en\/wp-json\/wp\/v2\/product\/245420","targetHints":{"allow":["GET"]}}],"collection":[{"href":"https:\/\/www.elcellerdenxiqui.cat\/en\/wp-json\/wp\/v2\/product"}],"about":[{"href":"https:\/\/www.elcellerdenxiqui.cat\/en\/wp-json\/wp\/v2\/types\/product"}],"wp:featuredmedia":[{"embeddable":true,"href":"https:\/\/www.elcellerdenxiqui.cat\/en\/wp-json\/wp\/v2\/media\/245421"}],"wp:attachment":[{"href":"https:\/\/www.elcellerdenxiqui.cat\/en\/wp-json\/wp\/v2\/media?parent=245420"}],"wp:term":[{"taxonomy":"product_brand","embeddable":true,"href":"https:\/\/www.elcellerdenxiqui.cat\/en\/wp-json\/wp\/v2\/product_brand?post=245420"},{"taxonomy":"product_cat","embeddable":true,"href":"https:\/\/www.elcellerdenxiqui.cat\/en\/wp-json\/wp\/v2\/product_cat?post=245420"},{"taxonomy":"product_tag","embeddable":true,"href":"https:\/\/www.elcellerdenxiqui.cat\/en\/wp-json\/wp\/v2\/product_tag?post=245420"}],"curies":[{"name":"wp","href":"https:\/\/api.w.org\/{rel}","templated":true}]}}