{"id":245405,"date":"2023-03-05T20:11:41","date_gmt":"2023-03-05T19:11:41","guid":{"rendered":"https:\/\/www.elcellerdenxiqui.cat\/?post_type=product&#038;p=245405"},"modified":"2023-12-13T14:36:16","modified_gmt":"2023-12-13T13:36:16","slug":"tast-i-presentacio-de-la-cerveseria-pochs-dimecres","status":"publish","type":"product","link":"https:\/\/www.elcellerdenxiqui.cat\/en\/botiga\/tast-i-presentacio-de-la-cerveseria-pochs-dimecres\/","title":{"rendered":"Tast i Presentaci\u00f3 de la Cerveseria Poch&#8217;s"},"content":{"rendered":"<p>El proper DIMECRES 8 de Mar\u00e7 ens vindran a visitar els amics de la Cerveseria Poch&#8217;s, de Castellfollit de la Roca.<\/p>\n<p>Un projecte personal liderat per en Francesc Casaponsa, mestre cerveser reconegut arreu d&#8217;Europa i amb una traject\u00f2ria envejable. En Francesc cuina cerveses amb molta personalitat i t\u00e8cnicament molt pulcres. Toca molts estils i tots els fa molt b\u00e9, tot i que haig de recon\u00e8ixer la meva debilitat per les seves cerveses m\u00e9s potents (Bruna dels Pirineus, Basalt,&#8230;) una cerveseria arrelada a la seva Garrotxa natal que no et deixar\u00e0 indiferent.<\/p>\n<p>Si vols flipar amb les seves birres, no deixis passar aquesta oportunitat de tastar i conversar amb nosaltres.<\/p>\n<p>Ens hi acompanyes?<\/p>\n<p>Corre, no et quedis sense pla\u00e7a!<\/p>\n","protected":false},"excerpt":{"rendered":"<h3><span style=\"color: #000000;\">8 de mar\u00e7 (DIMECRES) del 2023 a les 19h<\/span><\/h3>\n<p><span style=\"color: #000000;\">El dimecres dia 8 de mar\u00e7 a les 19h ens visita la cerveseria Poch&#8217;s.\u00a0\u00a0<\/span><\/p>\n<p><strong>Places limitades.<\/strong><\/p>\n","protected":false},"featured_media":245406,"template":"","meta":{"_et_pb_use_builder":"off","_et_pb_old_content":"Anell d'or ab les armes. Virtuosos no pot \u00e9sser adquirida; e felicitat no pot. Cinc llices de camp clos u. Que no demostr\u00e0s \u00e9sser molt agreujada Al mat\u00ed. Llibre de Tirant la qual tracta de certs virtuosos actes. E tants llibres s\u00f3n estats fets. Principi de cavalleria; la segona ser\u00e0. Les batalles d'Alexandre e Dari; les aventures de Lan\u00e7alot e. Gestes e hist\u00f2ries antigues dels homens forts e. Poeta Homero ha recitat les batalles dels. Foren per los antics ordenades justes e. D'honor gl\u00f2ria e de fama e cont\u00ednua bona. Al gentilhom o gener\u00f3s qui vol rebre l'orde.\r\n\r\nDeduir en escrit les gestes e hist\u00f2ries antigues dels. Pertanyen; la setena e darrera. Armes del cavaller; la sisena \u00e9s dels actes. Ab molta impaci\u00e8ncia per b\u00e9 que f\u00f3s molt virtuosa e. E de les amazones; Titus. Tul\u00b7li Llegim en la Santa Escriptura les hist\u00f2ries.","_et_gb_content_width":"","iawp_total_views":13},"product_brand":[],"product_cat":[108],"product_tag":[],"class_list":{"0":"post-245405","1":"product","2":"type-product","3":"status-publish","4":"has-post-thumbnail","6":"product_cat-tastos-i-maridatges","8":"first","9":"outofstock","10":"taxable","11":"shipping-taxable","12":"purchasable","13":"product-type-simple"},"_links":{"self":[{"href":"https:\/\/www.elcellerdenxiqui.cat\/en\/wp-json\/wp\/v2\/product\/245405","targetHints":{"allow":["GET"]}}],"collection":[{"href":"https:\/\/www.elcellerdenxiqui.cat\/en\/wp-json\/wp\/v2\/product"}],"about":[{"href":"https:\/\/www.elcellerdenxiqui.cat\/en\/wp-json\/wp\/v2\/types\/product"}],"wp:featuredmedia":[{"embeddable":true,"href":"https:\/\/www.elcellerdenxiqui.cat\/en\/wp-json\/wp\/v2\/media\/245406"}],"wp:attachment":[{"href":"https:\/\/www.elcellerdenxiqui.cat\/en\/wp-json\/wp\/v2\/media?parent=245405"}],"wp:term":[{"taxonomy":"product_brand","embeddable":true,"href":"https:\/\/www.elcellerdenxiqui.cat\/en\/wp-json\/wp\/v2\/product_brand?post=245405"},{"taxonomy":"product_cat","embeddable":true,"href":"https:\/\/www.elcellerdenxiqui.cat\/en\/wp-json\/wp\/v2\/product_cat?post=245405"},{"taxonomy":"product_tag","embeddable":true,"href":"https:\/\/www.elcellerdenxiqui.cat\/en\/wp-json\/wp\/v2\/product_tag?post=245405"}],"curies":[{"name":"wp","href":"https:\/\/api.w.org\/{rel}","templated":true}]}}