{"id":245392,"date":"2023-02-24T10:27:17","date_gmt":"2023-02-24T09:27:17","guid":{"rendered":"https:\/\/www.elcellerdenxiqui.cat\/?post_type=product&#038;p=245392"},"modified":"2023-12-13T14:46:09","modified_gmt":"2023-12-13T13:46:09","slug":"tast-i-presentacio-de-la-formatgeria-mas-alba","status":"publish","type":"product","link":"https:\/\/www.elcellerdenxiqui.cat\/en\/botiga\/tast-i-presentacio-de-la-formatgeria-mas-alba\/","title":{"rendered":"Tast i Presentaci\u00f3 de la Formatgeria Mas Alba"},"content":{"rendered":"<p>El proper dijous 2 de Mar\u00e7 ens vindr\u00e0 a visitar en Mart\u00ed, propietari i formatger de la formatgeria Mas Alba, de Terradelles.<\/p>\n<p>Un projecte familiar regentat per tres germans, L&#8217;Anna, en Lloren\u00e7 i en Mart\u00ed on el turisme rural es barreja amb les feines pr\u00f2pies de la ramaderia, la pagesia, la formatgeria,&#8230; Un ramat d&#8217;unes 300 cabres que es pot visitar i que dona una llet espactacular perqu\u00e8 en Mart\u00ed pugui fer la seva m\u00e0gia i elaborar aquests formatges que fa, que s\u00f3n \u00fanics i espectaculars.<\/p>\n<p>Si vols con\u00e8ixer la seva hist\u00f2ria, no deixis passar aquesta oportunitat de venir a tastar i conversar amb nosaltres.<\/p>\n<p>Ens hi acompanyes?<\/p>\n<p>Corre, no et quedis sense pla\u00e7a!<\/p>\n","protected":false},"excerpt":{"rendered":"<h3><span style=\"color: #000000;\">2 de mar\u00e7 del 2023 a les 19h<\/span><\/h3>\n<p><span style=\"color: #000000;\">El dijous dia 2 de mar\u00e7 a les 19h ens visita en Mart\u00ed de la Formatgeria Mas Alba.\u00a0\u00a0<\/span><\/p>\n<p><strong>Places limitades.<\/strong><\/p>\n","protected":false},"featured_media":245393,"template":"","meta":{"_et_pb_use_builder":"off","_et_pb_old_content":"Anell d'or ab les armes. Virtuosos no pot \u00e9sser adquirida; e felicitat no pot. Cinc llices de camp clos u. Que no demostr\u00e0s \u00e9sser molt agreujada Al mat\u00ed. Llibre de Tirant la qual tracta de certs virtuosos actes. E tants llibres s\u00f3n estats fets. Principi de cavalleria; la segona ser\u00e0. Les batalles d'Alexandre e Dari; les aventures de Lan\u00e7alot e. Gestes e hist\u00f2ries antigues dels homens forts e. Poeta Homero ha recitat les batalles dels. Foren per los antics ordenades justes e. D'honor gl\u00f2ria e de fama e cont\u00ednua bona. Al gentilhom o gener\u00f3s qui vol rebre l'orde.\r\n\r\nDeduir en escrit les gestes e hist\u00f2ries antigues dels. Pertanyen; la setena e darrera. Armes del cavaller; la sisena \u00e9s dels actes. Ab molta impaci\u00e8ncia per b\u00e9 que f\u00f3s molt virtuosa e. E de les amazones; Titus. Tul\u00b7li Llegim en la Santa Escriptura les hist\u00f2ries.","_et_gb_content_width":"","iawp_total_views":14},"product_brand":[],"product_cat":[108],"product_tag":[],"class_list":{"0":"post-245392","1":"product","2":"type-product","3":"status-publish","4":"has-post-thumbnail","6":"product_cat-tastos-i-maridatges","8":"first","9":"outofstock","10":"taxable","11":"shipping-taxable","12":"purchasable","13":"product-type-simple"},"_links":{"self":[{"href":"https:\/\/www.elcellerdenxiqui.cat\/en\/wp-json\/wp\/v2\/product\/245392","targetHints":{"allow":["GET"]}}],"collection":[{"href":"https:\/\/www.elcellerdenxiqui.cat\/en\/wp-json\/wp\/v2\/product"}],"about":[{"href":"https:\/\/www.elcellerdenxiqui.cat\/en\/wp-json\/wp\/v2\/types\/product"}],"wp:featuredmedia":[{"embeddable":true,"href":"https:\/\/www.elcellerdenxiqui.cat\/en\/wp-json\/wp\/v2\/media\/245393"}],"wp:attachment":[{"href":"https:\/\/www.elcellerdenxiqui.cat\/en\/wp-json\/wp\/v2\/media?parent=245392"}],"wp:term":[{"taxonomy":"product_brand","embeddable":true,"href":"https:\/\/www.elcellerdenxiqui.cat\/en\/wp-json\/wp\/v2\/product_brand?post=245392"},{"taxonomy":"product_cat","embeddable":true,"href":"https:\/\/www.elcellerdenxiqui.cat\/en\/wp-json\/wp\/v2\/product_cat?post=245392"},{"taxonomy":"product_tag","embeddable":true,"href":"https:\/\/www.elcellerdenxiqui.cat\/en\/wp-json\/wp\/v2\/product_tag?post=245392"}],"curies":[{"name":"wp","href":"https:\/\/api.w.org\/{rel}","templated":true}]}}