{"id":245295,"date":"2023-02-16T12:05:36","date_gmt":"2023-02-16T11:05:36","guid":{"rendered":"https:\/\/www.elcellerdenxiqui.cat\/?post_type=product&#038;p=245295"},"modified":"2023-12-13T14:46:48","modified_gmt":"2023-12-13T13:46:48","slug":"tast-i-presentacio-del-celler-arche-pages","status":"publish","type":"product","link":"https:\/\/www.elcellerdenxiqui.cat\/en\/botiga\/tast-i-presentacio-del-celler-arche-pages\/","title":{"rendered":"Tast i Presentaci\u00f3 del Celler Arch\u00e9 Pag\u00e8s"},"content":{"rendered":"<p>El proper dijous 23 ens vindr\u00e0 a visitar en Bonfill, propietari del Celler Arch\u00e9 Pag\u00e8s, de Capmany.<\/p>\n<p>Una hist\u00f2ria de viticultors de v\u00e0ries generacions que fa ara uns vint anys van decidir embotellar-se el fruit del seu esfor\u00e7 i vendre els seus propis vins. Com tantes altres families a l&#8217;Empord\u00e0. I ells, com tants d&#8217;altres, han sabut trobar el seu lloc en aquest meravell\u00f3s m\u00f3n del vi i posicionar-se i posicionar la DO Empord\u00e0 com una regi\u00f3 vitivin\u00edcola d&#8217;alt\u00edssima qualitat.<\/p>\n<p>Arch\u00e9 Pag\u00e8s \u00e9s un projecte familiar, de tradici\u00f3 adaptada als nous temps. Un exemple de molta feina molt ben feta, amb vins \u00fanics i personals cuidats fins l&#8217;\u00faltim detall, i aix\u00f2 es nota.<\/p>\n<p>Ens hi acompanyes?<\/p>\n<p>Corre, no et quedis sense pla\u00e7a!<\/p>\n","protected":false},"excerpt":{"rendered":"<h3><span style=\"color: #000000;\">23 de febrer del 2023 a les 19h<\/span><\/h3>\n<p><span style=\"color: #000000;\">El dijous dia 23 de febrer a les 19h ens visita en Bonfill Arch\u00e9 del Celler Arch\u00e9 Pag\u00e8s.\u00a0\u00a0<\/span><\/p>\n<p><strong>Places limitades.<\/strong><\/p>\n","protected":false},"featured_media":245296,"template":"","meta":{"_et_pb_use_builder":"off","_et_pb_old_content":"Anell d'or ab les armes. Virtuosos no pot \u00e9sser adquirida; e felicitat no pot. Cinc llices de camp clos u. Que no demostr\u00e0s \u00e9sser molt agreujada Al mat\u00ed. Llibre de Tirant la qual tracta de certs virtuosos actes. E tants llibres s\u00f3n estats fets. Principi de cavalleria; la segona ser\u00e0. Les batalles d'Alexandre e Dari; les aventures de Lan\u00e7alot e. Gestes e hist\u00f2ries antigues dels homens forts e. Poeta Homero ha recitat les batalles dels. Foren per los antics ordenades justes e. D'honor gl\u00f2ria e de fama e cont\u00ednua bona. Al gentilhom o gener\u00f3s qui vol rebre l'orde.\r\n\r\nDeduir en escrit les gestes e hist\u00f2ries antigues dels. Pertanyen; la setena e darrera. Armes del cavaller; la sisena \u00e9s dels actes. Ab molta impaci\u00e8ncia per b\u00e9 que f\u00f3s molt virtuosa e. E de les amazones; Titus. Tul\u00b7li Llegim en la Santa Escriptura les hist\u00f2ries.","_et_gb_content_width":"","iawp_total_views":12},"product_brand":[],"product_cat":[108],"product_tag":[],"class_list":{"0":"post-245295","1":"product","2":"type-product","3":"status-publish","4":"has-post-thumbnail","6":"product_cat-tastos-i-maridatges","8":"first","9":"outofstock","10":"taxable","11":"shipping-taxable","12":"purchasable","13":"product-type-simple"},"_links":{"self":[{"href":"https:\/\/www.elcellerdenxiqui.cat\/en\/wp-json\/wp\/v2\/product\/245295","targetHints":{"allow":["GET"]}}],"collection":[{"href":"https:\/\/www.elcellerdenxiqui.cat\/en\/wp-json\/wp\/v2\/product"}],"about":[{"href":"https:\/\/www.elcellerdenxiqui.cat\/en\/wp-json\/wp\/v2\/types\/product"}],"wp:featuredmedia":[{"embeddable":true,"href":"https:\/\/www.elcellerdenxiqui.cat\/en\/wp-json\/wp\/v2\/media\/245296"}],"wp:attachment":[{"href":"https:\/\/www.elcellerdenxiqui.cat\/en\/wp-json\/wp\/v2\/media?parent=245295"}],"wp:term":[{"taxonomy":"product_brand","embeddable":true,"href":"https:\/\/www.elcellerdenxiqui.cat\/en\/wp-json\/wp\/v2\/product_brand?post=245295"},{"taxonomy":"product_cat","embeddable":true,"href":"https:\/\/www.elcellerdenxiqui.cat\/en\/wp-json\/wp\/v2\/product_cat?post=245295"},{"taxonomy":"product_tag","embeddable":true,"href":"https:\/\/www.elcellerdenxiqui.cat\/en\/wp-json\/wp\/v2\/product_tag?post=245295"}],"curies":[{"name":"wp","href":"https:\/\/api.w.org\/{rel}","templated":true}]}}