{"id":245286,"date":"2023-01-25T17:52:52","date_gmt":"2023-01-25T16:52:52","guid":{"rendered":"https:\/\/www.elcellerdenxiqui.cat\/?post_type=product&#038;p=245286"},"modified":"2023-12-13T14:52:38","modified_gmt":"2023-12-13T13:52:38","slug":"tast-a-duo-alt-emporda-vs-baix-emporda","status":"publish","type":"product","link":"https:\/\/www.elcellerdenxiqui.cat\/en\/botiga\/tast-a-duo-alt-emporda-vs-baix-emporda\/","title":{"rendered":"Tast a D\u00fao. Alt Empord\u00e0 Vs Baix Empord\u00e0"},"content":{"rendered":"<p>Torna el company sommelier i amic Josep Miquel Guasch (tocatpelvi.cat) per reflexionar sobre les difer\u00e8ncies entre aquestes dues zones tant diferenciades de la nostra DO. L&#8217;Alt i el Baix Empord\u00e0. Una nova &#8220;wine battle&#8221; que no us podeu perdre.<\/p>\n","protected":false},"excerpt":{"rendered":"<h3><span style=\"color: #000000;\">2 de febrer del 2023 a les 19h.<\/span><\/h3>\n<p>Torna el company sommelier i amic Josep Miquel Guasch (tocatpelvi.cat) per reflexionar sobre les difer\u00e8ncies entre aquestes dues zones tant diferenciades de la nostra DO. L&#8217;Alt i el Baix Empord\u00e0<\/p>\n<p><strong>Places limitades.<\/strong><\/p>\n","protected":false},"featured_media":245287,"template":"","meta":{"_et_pb_use_builder":"off","_et_pb_old_content":"Anell d'or ab les armes. Virtuosos no pot \u00e9sser adquirida; e felicitat no pot. Cinc llices de camp clos u. Que no demostr\u00e0s \u00e9sser molt agreujada Al mat\u00ed. Llibre de Tirant la qual tracta de certs virtuosos actes. E tants llibres s\u00f3n estats fets. Principi de cavalleria; la segona ser\u00e0. Les batalles d'Alexandre e Dari; les aventures de Lan\u00e7alot e. Gestes e hist\u00f2ries antigues dels homens forts e. Poeta Homero ha recitat les batalles dels. Foren per los antics ordenades justes e. D'honor gl\u00f2ria e de fama e cont\u00ednua bona. Al gentilhom o gener\u00f3s qui vol rebre l'orde.\r\n\r\nDeduir en escrit les gestes e hist\u00f2ries antigues dels. Pertanyen; la setena e darrera. Armes del cavaller; la sisena \u00e9s dels actes. Ab molta impaci\u00e8ncia per b\u00e9 que f\u00f3s molt virtuosa e. E de les amazones; Titus. Tul\u00b7li Llegim en la Santa Escriptura les hist\u00f2ries.","_et_gb_content_width":"","iawp_total_views":12},"product_brand":[],"product_cat":[108],"product_tag":[],"class_list":{"0":"post-245286","1":"product","2":"type-product","3":"status-publish","4":"has-post-thumbnail","6":"product_cat-tastos-i-maridatges","8":"first","9":"outofstock","10":"taxable","11":"shipping-taxable","12":"purchasable","13":"product-type-simple"},"_links":{"self":[{"href":"https:\/\/www.elcellerdenxiqui.cat\/en\/wp-json\/wp\/v2\/product\/245286","targetHints":{"allow":["GET"]}}],"collection":[{"href":"https:\/\/www.elcellerdenxiqui.cat\/en\/wp-json\/wp\/v2\/product"}],"about":[{"href":"https:\/\/www.elcellerdenxiqui.cat\/en\/wp-json\/wp\/v2\/types\/product"}],"wp:featuredmedia":[{"embeddable":true,"href":"https:\/\/www.elcellerdenxiqui.cat\/en\/wp-json\/wp\/v2\/media\/245287"}],"wp:attachment":[{"href":"https:\/\/www.elcellerdenxiqui.cat\/en\/wp-json\/wp\/v2\/media?parent=245286"}],"wp:term":[{"taxonomy":"product_brand","embeddable":true,"href":"https:\/\/www.elcellerdenxiqui.cat\/en\/wp-json\/wp\/v2\/product_brand?post=245286"},{"taxonomy":"product_cat","embeddable":true,"href":"https:\/\/www.elcellerdenxiqui.cat\/en\/wp-json\/wp\/v2\/product_cat?post=245286"},{"taxonomy":"product_tag","embeddable":true,"href":"https:\/\/www.elcellerdenxiqui.cat\/en\/wp-json\/wp\/v2\/product_tag?post=245286"}],"curies":[{"name":"wp","href":"https:\/\/api.w.org\/{rel}","templated":true}]}}