{"id":245253,"date":"2022-11-23T18:16:07","date_gmt":"2022-11-23T17:16:07","guid":{"rendered":"https:\/\/www.elcellerdenxiqui.cat\/?post_type=product&#038;p=245253"},"modified":"2023-12-13T14:47:37","modified_gmt":"2023-12-13T13:47:37","slug":"tast-i-presentacio-del-celler-massis-de-lalbera","status":"publish","type":"product","link":"https:\/\/www.elcellerdenxiqui.cat\/en\/botiga\/tast-i-presentacio-del-celler-massis-de-lalbera\/","title":{"rendered":"Tast i Presentaci\u00f3 del Celler Mass\u00eds de l&#8217;Albera"},"content":{"rendered":"<p>El proper dijous ens deixarem seduir per l\u2019Ot Ucl\u00e9s i els seus vins de Mass\u00eds de l\u2019Albera. Uns vins de vinyes velles i singulars.<\/p>\n<p>Amb uns caldos cuidats i mimats de principi a fi, els vins de Mass\u00eds de l\u2019Albera s\u00f3n fins, elegants i amb personalitat. Molt arrelats al seu Empord\u00e0.<\/p>\n<p>Mass\u00eds de l\u2019Albera \u00e9s una hist\u00f2ria d\u2019amor, il\u00b7lusi\u00f3 i de somiar despert.<\/p>\n<p>Ens hi acompanyes?<\/p>\n<p>Corre, que les places s\u00f3n molt limitades!<\/p>\n","protected":false},"excerpt":{"rendered":"<h3><span style=\"color: #000000;\">1 de desembre del 2022 a les 19h<\/span><\/h3>\n<p><span style=\"color: #000000;\">El dijous dia 1 de desembre a les 19h ens visita l&#8217;Ot Ucl\u00e9s del Celler Mass\u00eds de l&#8217;Albera.\u00a0\u00a0<\/span><\/p>\n<p><strong>Places limitades.<\/strong><\/p>\n","protected":false},"featured_media":245254,"template":"","meta":{"_et_pb_use_builder":"off","_et_pb_old_content":"Anell d'or ab les armes. Virtuosos no pot \u00e9sser adquirida; e felicitat no pot. Cinc llices de camp clos u. Que no demostr\u00e0s \u00e9sser molt agreujada Al mat\u00ed. Llibre de Tirant la qual tracta de certs virtuosos actes. E tants llibres s\u00f3n estats fets. Principi de cavalleria; la segona ser\u00e0. Les batalles d'Alexandre e Dari; les aventures de Lan\u00e7alot e. Gestes e hist\u00f2ries antigues dels homens forts e. Poeta Homero ha recitat les batalles dels. Foren per los antics ordenades justes e. D'honor gl\u00f2ria e de fama e cont\u00ednua bona. Al gentilhom o gener\u00f3s qui vol rebre l'orde.\r\n\r\nDeduir en escrit les gestes e hist\u00f2ries antigues dels. Pertanyen; la setena e darrera. Armes del cavaller; la sisena \u00e9s dels actes. Ab molta impaci\u00e8ncia per b\u00e9 que f\u00f3s molt virtuosa e. E de les amazones; Titus. Tul\u00b7li Llegim en la Santa Escriptura les hist\u00f2ries.","_et_gb_content_width":"","iawp_total_views":18},"product_brand":[],"product_cat":[108],"product_tag":[],"class_list":{"0":"post-245253","1":"product","2":"type-product","3":"status-publish","4":"has-post-thumbnail","6":"product_cat-tastos-i-maridatges","8":"first","9":"outofstock","10":"taxable","11":"shipping-taxable","12":"purchasable","13":"product-type-simple"},"_links":{"self":[{"href":"https:\/\/www.elcellerdenxiqui.cat\/en\/wp-json\/wp\/v2\/product\/245253","targetHints":{"allow":["GET"]}}],"collection":[{"href":"https:\/\/www.elcellerdenxiqui.cat\/en\/wp-json\/wp\/v2\/product"}],"about":[{"href":"https:\/\/www.elcellerdenxiqui.cat\/en\/wp-json\/wp\/v2\/types\/product"}],"wp:featuredmedia":[{"embeddable":true,"href":"https:\/\/www.elcellerdenxiqui.cat\/en\/wp-json\/wp\/v2\/media\/245254"}],"wp:attachment":[{"href":"https:\/\/www.elcellerdenxiqui.cat\/en\/wp-json\/wp\/v2\/media?parent=245253"}],"wp:term":[{"taxonomy":"product_brand","embeddable":true,"href":"https:\/\/www.elcellerdenxiqui.cat\/en\/wp-json\/wp\/v2\/product_brand?post=245253"},{"taxonomy":"product_cat","embeddable":true,"href":"https:\/\/www.elcellerdenxiqui.cat\/en\/wp-json\/wp\/v2\/product_cat?post=245253"},{"taxonomy":"product_tag","embeddable":true,"href":"https:\/\/www.elcellerdenxiqui.cat\/en\/wp-json\/wp\/v2\/product_tag?post=245253"}],"curies":[{"name":"wp","href":"https:\/\/api.w.org\/{rel}","templated":true}]}}