{"id":245247,"date":"2022-11-10T19:23:35","date_gmt":"2022-11-10T18:23:35","guid":{"rendered":"https:\/\/www.elcellerdenxiqui.cat\/?post_type=product&#038;p=245247"},"modified":"2023-12-13T14:48:13","modified_gmt":"2023-12-13T13:48:13","slug":"tast-i-presentacio-de-gin-nut","status":"publish","type":"product","link":"https:\/\/www.elcellerdenxiqui.cat\/en\/botiga\/tast-i-presentacio-de-gin-nut\/","title":{"rendered":"Tast i Presentaci\u00f3 de Gin Nut"},"content":{"rendered":"<p>Un glop de Mediterrani en forma de ginebra. Aquesta \u00e9s l&#8217;ess\u00e8ncia del projecte Gin Nut. Ginebres pensades, estimades i destil\u00b7lades al cor de l&#8217;Empord\u00e0, amb bot\u00e0nics propis de la nostra zona.<br \/>\nFa 10 anys que es van donar a con\u00e8ixer amb el seu London Dry Gin, una ginebra elaborada amb alcohol de cereal i 13 bot\u00e0nics naturals, destil\u00b7lat en alambins tradicional de coure en petits lots. El buc ins\u00edgnia de la casa.<br \/>\nPer\u00f2 tamb\u00e9 han parit altres receptes de ginebra, tot col\u00b7laborant amb diferents professionals del m\u00f3n de la restauraci\u00f3 i la gastronomia locals com Gerard Ruiz (Cocktail Time Girona), Albert Rovira (Restaurant Sant Pau de Sant Pol de Mar) o amb l&#8217;equip de Mooma al Baix Empord\u00e0.<br \/>\nEl proper dijous dia 17 de Novembre tindrem la sort de contar amb la pres\u00e8ncia dels amics de Gin Nut a casa per aprendre que no totes les ginebres s\u00f3n iguals i que un bon gint\u00f2nic tamb\u00e9 t\u00e9 els seus secrets.<\/p>\n<p>Corre, que les places s\u00f3n molt limitades!<\/p>\n","protected":false},"excerpt":{"rendered":"<h3><span style=\"color: #000000;\">17 de novembre del 2022 a les 19h<\/span><\/h3>\n<p><span style=\"color: #000000;\">El dijous dia 17 de novembre a les 19h ens visiten els amics de Gin Nut.\u00a0\u00a0<\/span><\/p>\n<p><strong>Places limitades.<\/strong><\/p>\n","protected":false},"featured_media":245248,"template":"","meta":{"_et_pb_use_builder":"off","_et_pb_old_content":"Anell d'or ab les armes. Virtuosos no pot \u00e9sser adquirida; e felicitat no pot. Cinc llices de camp clos u. Que no demostr\u00e0s \u00e9sser molt agreujada Al mat\u00ed. Llibre de Tirant la qual tracta de certs virtuosos actes. E tants llibres s\u00f3n estats fets. Principi de cavalleria; la segona ser\u00e0. Les batalles d'Alexandre e Dari; les aventures de Lan\u00e7alot e. Gestes e hist\u00f2ries antigues dels homens forts e. Poeta Homero ha recitat les batalles dels. Foren per los antics ordenades justes e. D'honor gl\u00f2ria e de fama e cont\u00ednua bona. Al gentilhom o gener\u00f3s qui vol rebre l'orde.\r\n\r\nDeduir en escrit les gestes e hist\u00f2ries antigues dels. Pertanyen; la setena e darrera. Armes del cavaller; la sisena \u00e9s dels actes. Ab molta impaci\u00e8ncia per b\u00e9 que f\u00f3s molt virtuosa e. E de les amazones; Titus. Tul\u00b7li Llegim en la Santa Escriptura les hist\u00f2ries.","_et_gb_content_width":"","iawp_total_views":18},"product_brand":[],"product_cat":[108],"product_tag":[],"class_list":{"0":"post-245247","1":"product","2":"type-product","3":"status-publish","4":"has-post-thumbnail","6":"product_cat-tastos-i-maridatges","8":"first","9":"outofstock","10":"taxable","11":"shipping-taxable","12":"purchasable","13":"product-type-simple"},"_links":{"self":[{"href":"https:\/\/www.elcellerdenxiqui.cat\/en\/wp-json\/wp\/v2\/product\/245247","targetHints":{"allow":["GET"]}}],"collection":[{"href":"https:\/\/www.elcellerdenxiqui.cat\/en\/wp-json\/wp\/v2\/product"}],"about":[{"href":"https:\/\/www.elcellerdenxiqui.cat\/en\/wp-json\/wp\/v2\/types\/product"}],"wp:featuredmedia":[{"embeddable":true,"href":"https:\/\/www.elcellerdenxiqui.cat\/en\/wp-json\/wp\/v2\/media\/245248"}],"wp:attachment":[{"href":"https:\/\/www.elcellerdenxiqui.cat\/en\/wp-json\/wp\/v2\/media?parent=245247"}],"wp:term":[{"taxonomy":"product_brand","embeddable":true,"href":"https:\/\/www.elcellerdenxiqui.cat\/en\/wp-json\/wp\/v2\/product_brand?post=245247"},{"taxonomy":"product_cat","embeddable":true,"href":"https:\/\/www.elcellerdenxiqui.cat\/en\/wp-json\/wp\/v2\/product_cat?post=245247"},{"taxonomy":"product_tag","embeddable":true,"href":"https:\/\/www.elcellerdenxiqui.cat\/en\/wp-json\/wp\/v2\/product_tag?post=245247"}],"curies":[{"name":"wp","href":"https:\/\/api.w.org\/{rel}","templated":true}]}}