{"id":241508,"date":"2022-08-02T12:52:14","date_gmt":"2022-08-02T11:52:14","guid":{"rendered":"https:\/\/www.elcellerdenxiqui.cat\/?post_type=product&#038;p=241508"},"modified":"2025-11-26T19:51:37","modified_gmt":"2025-11-26T18:51:37","slug":"pack-de-cerveses-llupolades","status":"publish","type":"product","link":"https:\/\/www.elcellerdenxiqui.cat\/en\/botiga\/pack-de-cerveses-llupolades\/","title":{"rendered":"Pack de cerveses llupolades"},"content":{"rendered":"<p>El ll\u00fapol est\u00e0 de moda i a El Celler d&#8217;en Xiqui ho sabem. Per aix\u00f2 et podem preparar un assortit de cerveses on el protagonista sigui el ll\u00fapol en totes les seves formes d&#8217;expressi\u00f3. Ipa, Neipa, West Coast, Apa,&#8230;<\/p>\n<p>Tot el m\u00f3n del ll\u00fapol amb cerveses artesanes locals!<\/p>\n<p><strong>Cal concretar el dia i hora que es vindr\u00e0 a recollir.<\/strong><\/p>\n","protected":false},"excerpt":{"rendered":"<p>Selecci\u00f3 de sis cerveses artesanes estil IPA i\/o NEIPA.<\/p>\n","protected":false},"featured_media":241525,"template":"","meta":{"_et_pb_use_builder":"","_et_pb_old_content":"","_et_gb_content_width":"","iawp_total_views":41},"product_brand":[],"product_cat":[67],"product_tag":[],"class_list":{"0":"post-241508","1":"product","2":"type-product","3":"status-publish","4":"has-post-thumbnail","6":"product_cat-cerveses-artesanes","8":"first","9":"instock","10":"taxable","11":"shipping-taxable","12":"purchasable","13":"product-type-simple"},"_links":{"self":[{"href":"https:\/\/www.elcellerdenxiqui.cat\/en\/wp-json\/wp\/v2\/product\/241508","targetHints":{"allow":["GET"]}}],"collection":[{"href":"https:\/\/www.elcellerdenxiqui.cat\/en\/wp-json\/wp\/v2\/product"}],"about":[{"href":"https:\/\/www.elcellerdenxiqui.cat\/en\/wp-json\/wp\/v2\/types\/product"}],"wp:featuredmedia":[{"embeddable":true,"href":"https:\/\/www.elcellerdenxiqui.cat\/en\/wp-json\/wp\/v2\/media\/241525"}],"wp:attachment":[{"href":"https:\/\/www.elcellerdenxiqui.cat\/en\/wp-json\/wp\/v2\/media?parent=241508"}],"wp:term":[{"taxonomy":"product_brand","embeddable":true,"href":"https:\/\/www.elcellerdenxiqui.cat\/en\/wp-json\/wp\/v2\/product_brand?post=241508"},{"taxonomy":"product_cat","embeddable":true,"href":"https:\/\/www.elcellerdenxiqui.cat\/en\/wp-json\/wp\/v2\/product_cat?post=241508"},{"taxonomy":"product_tag","embeddable":true,"href":"https:\/\/www.elcellerdenxiqui.cat\/en\/wp-json\/wp\/v2\/product_tag?post=241508"}],"curies":[{"name":"wp","href":"https:\/\/api.w.org\/{rel}","templated":true}]}}