{"id":241504,"date":"2022-08-02T12:45:09","date_gmt":"2022-08-02T11:45:09","guid":{"rendered":"https:\/\/www.elcellerdenxiqui.cat\/?post_type=product&#038;p=241504"},"modified":"2025-11-26T19:48:36","modified_gmt":"2025-11-26T18:48:36","slug":"pack-de-vins-sorpresa-premium","status":"publish","type":"product","link":"https:\/\/www.elcellerdenxiqui.cat\/en\/botiga\/pack-de-vins-sorpresa-premium\/","title":{"rendered":"Pack de vins sorpresa Premium"},"content":{"rendered":"<p>Farem una selecci\u00f3 especialment pensada per a tu de vins que no et deixaran indiferent. Vins especials que tinguin alguna cosa que els fa diferents, \u00fanics. Vins amb \u00e0nima fets a l&#8217;Empord\u00e0.<\/p>\n<p>Un tast \u00fanic i diferent d&#8217;aquest bonic rac\u00f3 de m\u00f3n.<\/p>\n<p><strong>Cal concretar el dia i hora que es vindr\u00e0 a recollir.<\/strong><\/p>\n","protected":false},"excerpt":{"rendered":"<p>Tres vins \u00fanics amb de l&#8217;Empord\u00e0 seleccionats pel teu sommelier de cap\u00e7alera.<\/p>\n","protected":false},"featured_media":245959,"template":"","meta":{"_et_pb_use_builder":"","_et_pb_old_content":"","_et_gb_content_width":"","iawp_total_views":31},"product_brand":[],"product_cat":[59],"product_tag":[],"class_list":{"0":"post-241504","1":"product","2":"type-product","3":"status-publish","4":"has-post-thumbnail","6":"product_cat-vins","8":"first","9":"instock","10":"taxable","11":"shipping-taxable","12":"purchasable","13":"product-type-simple"},"_links":{"self":[{"href":"https:\/\/www.elcellerdenxiqui.cat\/en\/wp-json\/wp\/v2\/product\/241504","targetHints":{"allow":["GET"]}}],"collection":[{"href":"https:\/\/www.elcellerdenxiqui.cat\/en\/wp-json\/wp\/v2\/product"}],"about":[{"href":"https:\/\/www.elcellerdenxiqui.cat\/en\/wp-json\/wp\/v2\/types\/product"}],"wp:featuredmedia":[{"embeddable":true,"href":"https:\/\/www.elcellerdenxiqui.cat\/en\/wp-json\/wp\/v2\/media\/245959"}],"wp:attachment":[{"href":"https:\/\/www.elcellerdenxiqui.cat\/en\/wp-json\/wp\/v2\/media?parent=241504"}],"wp:term":[{"taxonomy":"product_brand","embeddable":true,"href":"https:\/\/www.elcellerdenxiqui.cat\/en\/wp-json\/wp\/v2\/product_brand?post=241504"},{"taxonomy":"product_cat","embeddable":true,"href":"https:\/\/www.elcellerdenxiqui.cat\/en\/wp-json\/wp\/v2\/product_cat?post=241504"},{"taxonomy":"product_tag","embeddable":true,"href":"https:\/\/www.elcellerdenxiqui.cat\/en\/wp-json\/wp\/v2\/product_tag?post=241504"}],"curies":[{"name":"wp","href":"https:\/\/api.w.org\/{rel}","templated":true}]}}