{"id":246637,"date":"2023-12-22T10:45:32","date_gmt":"2023-12-22T09:45:32","guid":{"rendered":"https:\/\/www.elcellerdenxiqui.cat\/terms-and-conditions-of-sale\/"},"modified":"2025-08-09T17:27:58","modified_gmt":"2025-08-09T16:27:58","slug":"terms-and-conditions-of-sale","status":"publish","type":"page","link":"https:\/\/www.elcellerdenxiqui.cat\/en\/terms-and-conditions-of-sale\/","title":{"rendered":"Terms and conditions of sale"},"content":{"rendered":"<p>[et_pb_section fb_built=&#8221;1&#8243; _builder_version=&#8221;4.16&#8243; global_colors_info=&#8221;{}&#8221;][et_pb_row _builder_version=&#8221;4.16&#8243; background_size=&#8221;initial&#8221; background_position=&#8221;top_left&#8221; background_repeat=&#8221;repeat&#8221; global_colors_info=&#8221;{}&#8221;][et_pb_column type=&#8221;4_4&#8243; _builder_version=&#8221;4.16&#8243; custom_padding=&#8221;|||&#8221; global_colors_info=&#8221;{}&#8221; custom_padding__hover=&#8221;|||&#8221;][et_pb_text _builder_version=&#8221;4.23.1&#8243; _module_preset=&#8221;default&#8221; global_colors_info=&#8221;{}&#8221;]<\/p>\n<h2>Terms and conditions<\/h2>\n<h4>Product sales and event booking<\/h4>\n<p>[\/et_pb_text][et_pb_text _builder_version=&#8221;4.23.2&#8243; _module_preset=&#8221;default&#8221; global_colors_info=&#8221;{}&#8221;]<\/p>\n<p>To make any purchase of products, reserve places for events and scheduled activities or private tastings through the El Celler d&#8217;en Xiqui website, you must accept the store&#8217;s terms and conditions.<\/p>\n<p>[\/et_pb_text][et_pb_toggle title=&#8221;Scheduled activities&#8221; _builder_version=&#8221;4.23.1&#8243; _module_preset=&#8221;default&#8221; global_module=&#8221;245863&#8243; global_colors_info=&#8221;{}&#8221;]<\/p>\n<ul>\n<li><span>Els diners de l\u2019entrada no es retornen en cap cas.<\/span><\/li>\n<li><span>En cas d\u2019haver-hi un obsequi, ser\u00e0 requisit indispensable per rebre\u2019l haver assistit a l\u2019activitat. Si no es pot assistir, els obsequis no es donen a tercers ni es guarden.<\/span><\/li>\n<li><span>No s\u2019accepten acompanyants que no participin en l\u2019activitat.<\/span><\/li>\n<\/ul>\n<p>[\/et_pb_toggle][et_pb_toggle title=&#8221;Private tastings&#8221; _builder_version=&#8221;4.23.1&#8243; _module_preset=&#8221;default&#8221; global_module=&#8221;245862&#8243; global_colors_info=&#8221;{}&#8221;]<\/p>\n<ul>\n<li>No s\u2019accepten modificacions de dates o horaris en les \u00faltimes 48 hores abans de l\u2019inici de l\u2019activitat.<\/li>\n<li>Si s\u2019anul\u00b7la la reserva o es redueix el n\u00famero de persones abans de 48 hores de l\u2019inici de l\u2019activitat, es retornaran els diners excepte 5\u20ac per persona de menys que vingui, en concepte de gesti\u00f3. En les \u00faltimes 48 hores, si venen menys persones o s\u2019anul\u00b7la la reserva, no es retornaran els diners.<\/li>\n<li>Es dona un marge de 20 minuts d\u2019espera. Si passats aquests 20 minuts no s\u2019han presentat, es dona l\u2019activitat per realitzada.<\/li>\n<li>No s\u2019accepten acompanyants que no participin en l\u2019activitat.<\/li>\n<li>La reserva t\u00e9 una validesa de 6 mesos.<\/li>\n<\/ul>\n<p>[\/et_pb_toggle][et_pb_toggle title=&#8221;Products&#8221; _builder_version=&#8221;4.23.1&#8243; _module_preset=&#8221;default&#8221; global_module=&#8221;245869&#8243; saved_tabs=&#8221;all&#8221; global_colors_info=&#8221;{%22gcid-f166392f-696b-4282-bdef-93d0a1a902dd%22:%91%22icon_color%22,%22open_icon_color%22%93,%22gcid-3536e09f-7414-456a-864e-6df8b38d5581%22:%91%22title_text_color%22,%22open_toggle_text_color%22%93,%22gcid-8211232d-ba28-4c6b-b9cb-6e6ddb2790bc%22:%91%22border_color_bottom%22,%22open_icon_color__hover%22,%22icon_color__hover%22%93}&#8221;]<\/p>\n<ul>\n<li>Els nostres productes s\u00f3n locals i no fem enviaments a domicili.<\/li>\n<li>Cal passar a buscar la comanda per la botiga a Pla\u00e7a Sant Pere, 2 (Girona).<\/li>\n<li>Els productes frescos es separaran el dia seg\u00fcent a la realitzaci\u00f3 de la comanda. A mesura que passin els dies sense recollir la comanda, no es pot garantir el punt \u00f2ptim dels mateixos.<\/li>\n<\/ul>\n<p>[\/et_pb_toggle][\/et_pb_column][\/et_pb_row][\/et_pb_section]<\/p>\n","protected":false},"excerpt":{"rendered":"<p>Terms and conditions of sale of products and booking at events.<\/p>\n","protected":false},"author":1,"featured_media":0,"parent":0,"menu_order":29,"comment_status":"closed","ping_status":"closed","template":"","meta":{"_et_pb_use_builder":"on","_et_pb_old_content":"","_et_gb_content_width":"","iawp_total_views":1,"footnotes":""},"class_list":["post-246637","page","type-page","status-publish","hentry"],"_links":{"self":[{"href":"https:\/\/www.elcellerdenxiqui.cat\/en\/wp-json\/wp\/v2\/pages\/246637","targetHints":{"allow":["GET"]}}],"collection":[{"href":"https:\/\/www.elcellerdenxiqui.cat\/en\/wp-json\/wp\/v2\/pages"}],"about":[{"href":"https:\/\/www.elcellerdenxiqui.cat\/en\/wp-json\/wp\/v2\/types\/page"}],"author":[{"embeddable":true,"href":"https:\/\/www.elcellerdenxiqui.cat\/en\/wp-json\/wp\/v2\/users\/1"}],"replies":[{"embeddable":true,"href":"https:\/\/www.elcellerdenxiqui.cat\/en\/wp-json\/wp\/v2\/comments?post=246637"}],"version-history":[{"count":0,"href":"https:\/\/www.elcellerdenxiqui.cat\/en\/wp-json\/wp\/v2\/pages\/246637\/revisions"}],"wp:attachment":[{"href":"https:\/\/www.elcellerdenxiqui.cat\/en\/wp-json\/wp\/v2\/media?parent=246637"}],"curies":[{"name":"wp","href":"https:\/\/api.w.org\/{rel}","templated":true}]}}